{"id":2199,"date":"2022-01-26T14:50:12","date_gmt":"2022-01-26T13:50:12","guid":{"rendered":"https:\/\/elegance-boutique.ch\/dienste\/"},"modified":"2025-08-27T18:05:05","modified_gmt":"2025-08-27T16:05:05","slug":"dienste","status":"publish","type":"page","link":"https:\/\/www.elegance-boutique.ch\/de\/dienste\/","title":{"rendered":"Dienstleistungen"},"content":{"rendered":"<section class=\"hero\">\n        <img decoding=\"async\" src=\"https:\/\/www.elegance-boutique.ch\/wp-content\/uploads\/2023\/04\/elegance-boutique-banniere-services.jpg\" alt=\"Une esth\u00e9ticienne qui est en train de discuter avec sa patiente.\">\n    <div class=\"container\">\n        <div class=\"hero--content\">\n            <h1 class=\"title\">Unsere Dienste<\/h1>\n                            <!-- <button class=\"btn--solid btn--white w-arrow\"> -->\n                <a class=\"btn--solid btn--white w-arrow\" href=\"\/de\/unsere-kosmetikgeraete\/\" target=\"\">\n                    Unsere Produkte                <\/a>\n                <!-- <\/button> -->\n                    <\/div>\n    <\/div>\n<\/section>\n\n<section class=\"services\">\n    <div class=\"container\">\n        <div class=\"services--grid\">\n            <div class=\"services--left\">\n                                <img decoding=\"async\" src=\"https:\/\/www.elegance-boutique.ch\/wp-content\/uploads\/2023\/03\/elegance-boutique-banniere-homepage.jpg\" alt=\"Esth\u00e9ticienne en train d'utiliser une machine \u00e0 \u00e9pilation laser\">\n            <\/div>\n            <div class=\"services--right\">\n                <h2 class=\"title\">\n                    Vollst\u00e4ndiger Service                <\/h2>\n                <div class=\"list\">\n                                                <div class=\"list--item\">\n                                <div class=\"list--header\">\n                                                                        <img decoding=\"async\" src=\"https:\/\/www.elegance-boutique.ch\/wp-content\/uploads\/2022\/02\/simplicite.png\" alt=\"\">\n                                <\/div>\n                                <div class=\"list--body\">\n                                    <h3 class=\"list--title\">\n                                        Einfach                                    <\/h3>\n                                    <p class=\"list--content\">\n                                        Wir bieten Ihnen die M\u00f6glichkeit, unsere Produkte vor dem Kauf zu entdecken und zu testen. Lernen Sie alle Details und die besten Techniken von unserem spezialisierten Team, um Ihren Kunden den besten Service zu bieten.                                    <\/p>\n                                <\/div>\n                            <\/div>\n                                                <div class=\"list--item\">\n                                <div class=\"list--header\">\n                                                                        <img decoding=\"async\" src=\"https:\/\/www.elegance-boutique.ch\/wp-content\/uploads\/2022\/02\/certifications.png\" alt=\"\">\n                                <\/div>\n                                <div class=\"list--body\">\n                                    <h3 class=\"list--title\">\n                                        Zertifikate                                    <\/h3>\n                                    <p class=\"list--content\">\n                                        Alle unsere Produkte sind zertifiziert, um die Zufriedenheit Ihrer Kunden sicher zu gew\u00e4hrleisten.                                    <\/p>\n                                <\/div>\n                            <\/div>\n                                                <div class=\"list--item\">\n                                <div class=\"list--header\">\n                                                                        <img decoding=\"async\" src=\"https:\/\/www.elegance-boutique.ch\/wp-content\/uploads\/2022\/02\/offres.png\" alt=\"\">\n                                <\/div>\n                                <div class=\"list--body\">\n                                    <h3 class=\"list--title\">\n                                        Angebote                                    <\/h3>\n                                    <p class=\"list--content\">\n                                        F\u00fcr Ihren Komfort bieten wir Ihnen die Lieferung und Installation Ihrer Ger\u00e4te an. Die Hersteller Garantie und unser Kundenservice erm\u00f6glicht Ihnen, mit vollem Vertrauen in Ihr Business zu investieren.                                    <\/p>\n                                <\/div>\n                            <\/div>\n                                    <\/div>\n            <\/div>\n        <\/div>\n    <\/div>\n<\/section>\n\n<div class=\"icones--services\">\n  <div class=\"icones--grid container\">\n            <div class=\"items-icones\">\n                    <img decoding=\"async\" src=\"https:\/\/www.elegance-boutique.ch\/wp-content\/uploads\/2022\/02\/formation.svg\" alt=\"\">\n                    <h2>Inklusive Ausbildung<\/h2>\n        <\/div>\n            <div class=\"items-icones\">\n                    <img decoding=\"async\" src=\"https:\/\/www.elegance-boutique.ch\/wp-content\/uploads\/2022\/02\/livraison.svg\" alt=\"\">\n                    <h2>Kostenlose Lieferung<\/h2>\n        <\/div>\n            <div class=\"items-icones\">\n                    <img decoding=\"async\" src=\"https:\/\/www.elegance-boutique.ch\/wp-content\/uploads\/2022\/02\/installation.svg\" alt=\"\">\n                    <h2>Kostenlose Installation<\/h2>\n        <\/div>\n            <div class=\"items-icones\">\n                    <img decoding=\"async\" src=\"https:\/\/www.elegance-boutique.ch\/wp-content\/uploads\/2022\/02\/service-vente.svg\" alt=\"\">\n                    <h2>Kundendienst<\/h2>\n        <\/div>\n            <div class=\"items-icones\">\n                    <img decoding=\"async\" src=\"https:\/\/www.elegance-boutique.ch\/wp-content\/uploads\/2022\/02\/garantie.svg\" alt=\"\">\n                    <h2>2 Jahre Werksgarantie<\/h2>\n        <\/div>\n      <\/div>\n<\/div>\n\n<section class=\"map\">\n    <div class=\"container\">\n        <div class=\"map--grid\">\n            <div class=\"map--left\">\n                \t\t\t\t<img decoding=\"async\" class=\"map--img\" src=\"\" alt=\"\" >\n            <\/div>\n            <div class=\"map--right\">\n                <h2 class=\"title\">\n                    Showroom in Luzern\n                <\/h2>\n                <p class=\"content\">\n                    Entdecken Sie unseren Showroom in Luzern. Finden Sie dort alle unsere Produkte und Maschinen!                <\/p>\n                <div class=\"list\">\n                                                <div class=\"list--item\">\n                                <div class=\"list--header\">\n                                                                        <img decoding=\"async\" src=\"https:\/\/www.elegance-boutique.ch\/wp-content\/uploads\/2022\/02\/phone-icon.svg\" alt=\"\">\n                                <\/div>\n                                <div class=\"list--body\">\n                                    <p class=\"list--title\">\n                                        Telefon                                    <\/p>\n                                    <p class=\"list--content\">\n                                        <a href=\"tel:+41782613361\">+41 78 261 33 61<\/a>                                    <\/p>\n                                <\/div>\n                            <\/div>\n                                                <div class=\"list--item\">\n                                <div class=\"list--header\">\n                                                                        <img decoding=\"async\" src=\"https:\/\/www.elegance-boutique.ch\/wp-content\/uploads\/2022\/02\/mail-icon.svg\" alt=\"\">\n                                <\/div>\n                                <div class=\"list--body\">\n                                    <p class=\"list--title\">\n                                        Email                                    <\/p>\n                                    <p class=\"list--content\">\n                                        <a href=\"mailto:info@elegance-boutique.ch\">info@elegance-boutique.ch<\/a>                                    <\/p>\n                                <\/div>\n                            <\/div>\n                                                <div class=\"list--item\">\n                                <div class=\"list--header\">\n                                                                        <img decoding=\"async\" src=\"https:\/\/www.elegance-boutique.ch\/wp-content\/uploads\/2022\/02\/map-icon.svg\" alt=\"\">\n                                <\/div>\n                                <div class=\"list--body\">\n                                    <p class=\"list--title\">\n                                        Adresse                                    <\/p>\n                                    <p class=\"list--content\">\n                                        Schwanenpl. 4<br>\r\n6004 Luzern, Schweiz                                    <\/p>\n                                <\/div>\n                            <\/div>\n                                    <\/div>\n            <\/div>\n        <\/div>\n            <\/div>\n<\/section>","protected":false},"excerpt":{"rendered":"","protected":false},"author":1,"featured_media":0,"parent":0,"menu_order":0,"comment_status":"closed","ping_status":"closed","template":"","meta":{"inline_featured_image":false,"_joinchat":[],"footnotes":""},"class_list":["post-2199","page","type-page","status-publish","hentry"],"acf":[],"yoast_head":"<!-- This site is optimized with the Yoast SEO plugin v25.0 - https:\/\/yoast.com\/wordpress\/plugins\/seo\/ -->\n<title>Dienstleistungen - Elegance Boutique<\/title>\n<meta name=\"description\" content=\"Elegance Boutique bietet zahlreiche Dienstleistungen an, um Ihnen die Nutzung unserer Sch\u00f6nheitsmaschinen zu vereinfachen. Entdecken Sie unsere Vorteile.\" \/>\n<meta name=\"robots\" content=\"index, follow, max-snippet:-1, max-image-preview:large, max-video-preview:-1\" \/>\n<link rel=\"canonical\" href=\"https:\/\/www.elegance-boutique.ch\/de\/dienste\/\" \/>\n<meta property=\"og:locale\" content=\"de_DE\" \/>\n<meta property=\"og:type\" content=\"article\" \/>\n<meta property=\"og:title\" content=\"Dienstleistungen - Elegance Boutique\" \/>\n<meta property=\"og:description\" content=\"Elegance Boutique bietet zahlreiche Dienstleistungen an, um Ihnen die Nutzung unserer Sch\u00f6nheitsmaschinen zu vereinfachen. Entdecken Sie unsere Vorteile.\" \/>\n<meta property=\"og:url\" content=\"https:\/\/www.elegance-boutique.ch\/de\/dienste\/\" \/>\n<meta property=\"og:site_name\" content=\"Elegance Boutique\" \/>\n<meta property=\"article:publisher\" content=\"https:\/\/www.facebook.com\/EleganceBoutiqueSwiss\" \/>\n<meta property=\"article:modified_time\" content=\"2025-08-27T16:05:05+00:00\" \/>\n<meta property=\"og:image\" content=\"https:\/\/elegance-boutique.ch\/wp-content\/uploads\/2022\/02\/Formations_academy-1024x615.jpg\" \/>\n<meta name=\"twitter:card\" content=\"summary_large_image\" \/>\n<meta name=\"twitter:image\" content=\"https:\/\/elegance-boutique.ch\/wp-content\/uploads\/2022\/02\/Formations_academy-1024x615.jpg\" \/>\n<script type=\"application\/ld+json\" class=\"yoast-schema-graph\">{\"@context\":\"https:\/\/schema.org\",\"@graph\":[{\"@type\":\"WebPage\",\"@id\":\"https:\/\/www.elegance-boutique.ch\/de\/dienste\/\",\"url\":\"https:\/\/www.elegance-boutique.ch\/de\/dienste\/\",\"name\":\"Dienstleistungen - Elegance Boutique\",\"isPartOf\":{\"@id\":\"https:\/\/www.elegance-boutique.ch\/de\/#website\"},\"datePublished\":\"2022-01-26T13:50:12+00:00\",\"dateModified\":\"2025-08-27T16:05:05+00:00\",\"description\":\"Elegance Boutique bietet zahlreiche Dienstleistungen an, um Ihnen die Nutzung unserer Sch\u00f6nheitsmaschinen zu vereinfachen. Entdecken Sie unsere Vorteile.\",\"breadcrumb\":{\"@id\":\"https:\/\/www.elegance-boutique.ch\/de\/dienste\/#breadcrumb\"},\"inLanguage\":\"de\",\"potentialAction\":[{\"@type\":\"ReadAction\",\"target\":[\"https:\/\/www.elegance-boutique.ch\/de\/dienste\/\"]}]},{\"@type\":\"BreadcrumbList\",\"@id\":\"https:\/\/www.elegance-boutique.ch\/de\/dienste\/#breadcrumb\",\"itemListElement\":[{\"@type\":\"ListItem\",\"position\":1,\"name\":\"Accueil\",\"item\":\"https:\/\/www.elegance-boutique.ch\/de\/\"},{\"@type\":\"ListItem\",\"position\":2,\"name\":\"Dienstleistungen\"}]},{\"@type\":\"WebSite\",\"@id\":\"https:\/\/www.elegance-boutique.ch\/de\/#website\",\"url\":\"https:\/\/www.elegance-boutique.ch\/de\/\",\"name\":\"Elegance Boutique\",\"description\":\"Appareils esth\u00e9tiques professionnels\",\"publisher\":{\"@id\":\"https:\/\/www.elegance-boutique.ch\/de\/#organization\"},\"potentialAction\":[{\"@type\":\"SearchAction\",\"target\":{\"@type\":\"EntryPoint\",\"urlTemplate\":\"https:\/\/www.elegance-boutique.ch\/de\/?s={search_term_string}\"},\"query-input\":{\"@type\":\"PropertyValueSpecification\",\"valueRequired\":true,\"valueName\":\"search_term_string\"}}],\"inLanguage\":\"de\"},{\"@type\":\"Organization\",\"@id\":\"https:\/\/www.elegance-boutique.ch\/de\/#organization\",\"name\":\"Elegance Boutique\",\"url\":\"https:\/\/www.elegance-boutique.ch\/de\/\",\"logo\":{\"@type\":\"ImageObject\",\"inLanguage\":\"de\",\"@id\":\"https:\/\/www.elegance-boutique.ch\/de\/#\/schema\/logo\/image\/\",\"url\":\"https:\/\/www.elegance-boutique.ch\/wp-content\/uploads\/2022\/03\/Logo-EB-v5-Horizontal.png\",\"contentUrl\":\"https:\/\/www.elegance-boutique.ch\/wp-content\/uploads\/2022\/03\/Logo-EB-v5-Horizontal.png\",\"width\":1415,\"height\":283,\"caption\":\"Elegance Boutique\"},\"image\":{\"@id\":\"https:\/\/www.elegance-boutique.ch\/de\/#\/schema\/logo\/image\/\"},\"sameAs\":[\"https:\/\/www.facebook.com\/EleganceBoutiqueSwiss\",\"https:\/\/www.linkedin.com\/company\/elegance-boutique-esthetique-professionnelle\/\"]}]}<\/script>\n<!-- \/ Yoast SEO plugin. -->","yoast_head_json":{"title":"Dienstleistungen - Elegance Boutique","description":"Elegance Boutique bietet zahlreiche Dienstleistungen an, um Ihnen die Nutzung unserer Sch\u00f6nheitsmaschinen zu vereinfachen. Entdecken Sie unsere Vorteile.","robots":{"index":"index","follow":"follow","max-snippet":"max-snippet:-1","max-image-preview":"max-image-preview:large","max-video-preview":"max-video-preview:-1"},"canonical":"https:\/\/www.elegance-boutique.ch\/de\/dienste\/","og_locale":"de_DE","og_type":"article","og_title":"Dienstleistungen - Elegance Boutique","og_description":"Elegance Boutique bietet zahlreiche Dienstleistungen an, um Ihnen die Nutzung unserer Sch\u00f6nheitsmaschinen zu vereinfachen. Entdecken Sie unsere Vorteile.","og_url":"https:\/\/www.elegance-boutique.ch\/de\/dienste\/","og_site_name":"Elegance Boutique","article_publisher":"https:\/\/www.facebook.com\/EleganceBoutiqueSwiss","article_modified_time":"2025-08-27T16:05:05+00:00","og_image":[{"url":"https:\/\/elegance-boutique.ch\/wp-content\/uploads\/2022\/02\/Formations_academy-1024x615.jpg","type":"","width":"","height":""}],"twitter_card":"summary_large_image","twitter_image":"https:\/\/elegance-boutique.ch\/wp-content\/uploads\/2022\/02\/Formations_academy-1024x615.jpg","schema":{"@context":"https:\/\/schema.org","@graph":[{"@type":"WebPage","@id":"https:\/\/www.elegance-boutique.ch\/de\/dienste\/","url":"https:\/\/www.elegance-boutique.ch\/de\/dienste\/","name":"Dienstleistungen - Elegance Boutique","isPartOf":{"@id":"https:\/\/www.elegance-boutique.ch\/de\/#website"},"datePublished":"2022-01-26T13:50:12+00:00","dateModified":"2025-08-27T16:05:05+00:00","description":"Elegance Boutique bietet zahlreiche Dienstleistungen an, um Ihnen die Nutzung unserer Sch\u00f6nheitsmaschinen zu vereinfachen. Entdecken Sie unsere Vorteile.","breadcrumb":{"@id":"https:\/\/www.elegance-boutique.ch\/de\/dienste\/#breadcrumb"},"inLanguage":"de","potentialAction":[{"@type":"ReadAction","target":["https:\/\/www.elegance-boutique.ch\/de\/dienste\/"]}]},{"@type":"BreadcrumbList","@id":"https:\/\/www.elegance-boutique.ch\/de\/dienste\/#breadcrumb","itemListElement":[{"@type":"ListItem","position":1,"name":"Accueil","item":"https:\/\/www.elegance-boutique.ch\/de\/"},{"@type":"ListItem","position":2,"name":"Dienstleistungen"}]},{"@type":"WebSite","@id":"https:\/\/www.elegance-boutique.ch\/de\/#website","url":"https:\/\/www.elegance-boutique.ch\/de\/","name":"Elegance Boutique","description":"Appareils esth\u00e9tiques professionnels","publisher":{"@id":"https:\/\/www.elegance-boutique.ch\/de\/#organization"},"potentialAction":[{"@type":"SearchAction","target":{"@type":"EntryPoint","urlTemplate":"https:\/\/www.elegance-boutique.ch\/de\/?s={search_term_string}"},"query-input":{"@type":"PropertyValueSpecification","valueRequired":true,"valueName":"search_term_string"}}],"inLanguage":"de"},{"@type":"Organization","@id":"https:\/\/www.elegance-boutique.ch\/de\/#organization","name":"Elegance Boutique","url":"https:\/\/www.elegance-boutique.ch\/de\/","logo":{"@type":"ImageObject","inLanguage":"de","@id":"https:\/\/www.elegance-boutique.ch\/de\/#\/schema\/logo\/image\/","url":"https:\/\/www.elegance-boutique.ch\/wp-content\/uploads\/2022\/03\/Logo-EB-v5-Horizontal.png","contentUrl":"https:\/\/www.elegance-boutique.ch\/wp-content\/uploads\/2022\/03\/Logo-EB-v5-Horizontal.png","width":1415,"height":283,"caption":"Elegance Boutique"},"image":{"@id":"https:\/\/www.elegance-boutique.ch\/de\/#\/schema\/logo\/image\/"},"sameAs":["https:\/\/www.facebook.com\/EleganceBoutiqueSwiss","https:\/\/www.linkedin.com\/company\/elegance-boutique-esthetique-professionnelle\/"]}]}},"_links":{"self":[{"href":"https:\/\/www.elegance-boutique.ch\/de\/wp-json\/wp\/v2\/pages\/2199","targetHints":{"allow":["GET"]}}],"collection":[{"href":"https:\/\/www.elegance-boutique.ch\/de\/wp-json\/wp\/v2\/pages"}],"about":[{"href":"https:\/\/www.elegance-boutique.ch\/de\/wp-json\/wp\/v2\/types\/page"}],"author":[{"embeddable":true,"href":"https:\/\/www.elegance-boutique.ch\/de\/wp-json\/wp\/v2\/users\/1"}],"replies":[{"embeddable":true,"href":"https:\/\/www.elegance-boutique.ch\/de\/wp-json\/wp\/v2\/comments?post=2199"}],"version-history":[{"count":27,"href":"https:\/\/www.elegance-boutique.ch\/de\/wp-json\/wp\/v2\/pages\/2199\/revisions"}],"predecessor-version":[{"id":5819,"href":"https:\/\/www.elegance-boutique.ch\/de\/wp-json\/wp\/v2\/pages\/2199\/revisions\/5819"}],"wp:attachment":[{"href":"https:\/\/www.elegance-boutique.ch\/de\/wp-json\/wp\/v2\/media?parent=2199"}],"curies":[{"name":"wp","href":"https:\/\/api.w.org\/{rel}","templated":true}]}}