{"id":3828,"date":"2023-03-28T14:39:50","date_gmt":"2023-03-28T12:39:50","guid":{"rendered":"https:\/\/www.elegance-boutique.ch\/blog\/"},"modified":"2025-10-14T15:14:38","modified_gmt":"2025-10-14T13:14:38","slug":"blog","status":"publish","type":"page","link":"https:\/\/www.elegance-boutique.ch\/de\/blog\/","title":{"rendered":"Blog"},"content":{"rendered":"<section class=\"hero\">\n        <img decoding=\"async\" src=\"\" alt=\"\">\n    <div class=\"container\">\n        <div class=\"hero--content\">\n            <h1 class=\"title\">Blog<\/h1>\n                    <\/div>\n    <\/div>\n<\/section>\n\n<section class=\"home--product\">\n    <div class=\"container\">\n        <div class=\"header\">\n            <h2 class=\"title\"> Unsere Artikeln<\/h2>\n                        <div class=\"product--list\">\n                <button data-filter=\"*\" class=\"btn--filter is-checked\">\n                    Toutes\n                <\/button>\n                                    <button data-filter=\"body-sculpt-de\" class=\"btn--filter\">Body Sculpt<\/button>\n                            <\/div>\n        <\/div>\n                        <div class=\"home--product--item  \">\n                    \n\n                    <div class=\"product-img-container\">\n                        <!-- <img decoding=\"async\" src=\"\" class=\"product-img\"> -->\n                        \n                                <div class=\"img--container\">\n                                    <!-- <img decoding=\"async\" src=\"\" alt=\"\" \/> -->\n\t\t\t\t\t\t\t\t\t<img loading=\"lazy\" decoding=\"async\" width=\"2000\" height=\"1333\" src=\"https:\/\/www.elegance-boutique.ch\/wp-content\/uploads\/2023\/04\/loi-o-lrnis.jpg\" class=\"attachment-post-thumbnail size-post-thumbnail wp-post-image\" alt=\"Une esth\u00e9ticienne fait une \u00e9pilation laser sur une jambe.\" srcset=\"https:\/\/www.elegance-boutique.ch\/wp-content\/uploads\/2023\/04\/loi-o-lrnis.jpg 2000w, https:\/\/www.elegance-boutique.ch\/wp-content\/uploads\/2023\/04\/loi-o-lrnis-300x200.jpg 300w, https:\/\/www.elegance-boutique.ch\/wp-content\/uploads\/2023\/04\/loi-o-lrnis-1024x682.jpg 1024w, https:\/\/www.elegance-boutique.ch\/wp-content\/uploads\/2023\/04\/loi-o-lrnis-768x512.jpg 768w, https:\/\/www.elegance-boutique.ch\/wp-content\/uploads\/2023\/04\/loi-o-lrnis-1536x1024.jpg 1536w\" sizes=\"auto, (max-width: 2000px) 100vw, 2000px\" \/>                                <\/div>\n                         \n                    <\/div>\n                    <div class=\"product-desc-container\">\n                        <h3 class=\"product-title\">\n                            Das V-NISSG-Gesetz                        <\/h3>\n                        <p class=\"product-desc\">\n                            In der Welt der \u00c4sthetik gibt es derzeit ein Thema, das unter Fachleuten f\u00fcr Schlagzeilen sorgt: das O-LRNIS-Gesetz.                        <\/p>\n                       \n                        <!-- <button > -->\n                        <a class=\"btn--solid btn--blue w-arrow\" href=\"https:\/\/www.elegance-boutique.ch\/de\/das-v-nissg-gesetz\/\" target=\"_blank\">\n                            Mehr erfahren                        <\/a>\n                        <!-- <\/button> -->\n                    <\/div>\n                <\/div>\n                        <div class=\"home--product--item  reverse\">\n                    \n\n                    <div class=\"product-img-container\">\n                        <!-- <img decoding=\"async\" src=\"\" class=\"product-img\"> -->\n                        \n                                <div class=\"img--container\">\n                                    <!-- <img decoding=\"async\" src=\"\" alt=\"\" \/> -->\n\t\t\t\t\t\t\t\t\t<img loading=\"lazy\" decoding=\"async\" width=\"722\" height=\"1000\" src=\"https:\/\/www.elegance-boutique.ch\/wp-content\/uploads\/2022\/02\/Hydraface-HF-9.png\" class=\"attachment-post-thumbnail size-post-thumbnail wp-post-image\" alt=\"\" srcset=\"https:\/\/www.elegance-boutique.ch\/wp-content\/uploads\/2022\/02\/Hydraface-HF-9.png 722w, https:\/\/www.elegance-boutique.ch\/wp-content\/uploads\/2022\/02\/Hydraface-HF-9-217x300.png 217w, https:\/\/www.elegance-boutique.ch\/wp-content\/uploads\/2022\/02\/Hydraface-HF-9-600x831.png 600w\" sizes=\"auto, (max-width: 722px) 100vw, 722px\" \/>                                <\/div>\n                         \n                    <\/div>\n                    <div class=\"product-desc-container\">\n                        <h3 class=\"product-title\">\n                            Die Hydraface-Maschine                        <\/h3>\n                        <p class=\"product-desc\">\n                            Das Hydraface reinigt, peelt und extrahiert mithilfe eines einzigartigen patentierten Systems gr\u00fcndlich alle Unreinheiten aus der Haut.                        <\/p>\n                       \n                        <!-- <button > -->\n                        <a class=\"btn--solid btn--blue w-arrow\" href=\"https:\/\/www.elegance-boutique.ch\/de\/die-hydraface-maschine\/\" target=\"_blank\">\n                            Mehr erfahren                        <\/a>\n                        <!-- <\/button> -->\n                    <\/div>\n                <\/div>\n                        <div class=\"home--product--item  \">\n                    \n\n                    <div class=\"product-img-container\">\n                        <!-- <img decoding=\"async\" src=\"\" class=\"product-img\"> -->\n                        \n                                <div class=\"img--container\">\n                                    <!-- <img decoding=\"async\" src=\"\" alt=\"\" \/> -->\n\t\t\t\t\t\t\t\t\t<img loading=\"lazy\" decoding=\"async\" width=\"853\" height=\"1024\" src=\"https:\/\/www.elegance-boutique.ch\/wp-content\/uploads\/2022\/03\/Shape_shadow.png\" class=\"attachment-post-thumbnail size-post-thumbnail wp-post-image\" alt=\"\" srcset=\"https:\/\/www.elegance-boutique.ch\/wp-content\/uploads\/2022\/03\/Shape_shadow.png 853w, https:\/\/www.elegance-boutique.ch\/wp-content\/uploads\/2022\/03\/Shape_shadow-250x300.png 250w, https:\/\/www.elegance-boutique.ch\/wp-content\/uploads\/2022\/03\/Shape_shadow-768x922.png 768w, https:\/\/www.elegance-boutique.ch\/wp-content\/uploads\/2022\/03\/Shape_shadow-600x720.png 600w\" sizes=\"auto, (max-width: 853px) 100vw, 853px\" \/>                                <\/div>\n                         \n                    <\/div>\n                    <div class=\"product-desc-container\">\n                        <h3 class=\"product-title\">\n                            Die Shape-Maschine                        <\/h3>\n                        <p class=\"product-desc\">\n                            Das Shape-Ger\u00e4t bringt Sie in Form, indem es Ihre Fettzellen zerst\u00f6rt.                        <\/p>\n                       \n                        <!-- <button > -->\n                        <a class=\"btn--solid btn--blue w-arrow\" href=\"https:\/\/www.elegance-boutique.ch\/de\/die-shape-maschine\/\" target=\"_blank\">\n                            Mehr erfahren                        <\/a>\n                        <!-- <\/button> -->\n                    <\/div>\n                <\/div>\n                        <div class=\"home--product--item  reverse\">\n                    \n\n                    <div class=\"product-img-container\">\n                        <!-- <img decoding=\"async\" src=\"\" class=\"product-img\"> -->\n                        \n                                <div class=\"img--container\">\n                                    <!-- <img decoding=\"async\" src=\"\" alt=\"\" \/> -->\n\t\t\t\t\t\t\t\t\t<img loading=\"lazy\" decoding=\"async\" width=\"782\" height=\"1084\" src=\"https:\/\/www.elegance-boutique.ch\/wp-content\/uploads\/2022\/02\/Body-Sculpt-BS-1.png\" class=\"attachment-post-thumbnail size-post-thumbnail wp-post-image\" alt=\"Body Sculpt machine\" srcset=\"https:\/\/www.elegance-boutique.ch\/wp-content\/uploads\/2022\/02\/Body-Sculpt-BS-1.png 782w, https:\/\/www.elegance-boutique.ch\/wp-content\/uploads\/2022\/02\/Body-Sculpt-BS-1-216x300.png 216w, https:\/\/www.elegance-boutique.ch\/wp-content\/uploads\/2022\/02\/Body-Sculpt-BS-1-739x1024.png 739w, https:\/\/www.elegance-boutique.ch\/wp-content\/uploads\/2022\/02\/Body-Sculpt-BS-1-768x1065.png 768w, https:\/\/www.elegance-boutique.ch\/wp-content\/uploads\/2022\/02\/Body-Sculpt-BS-1-600x832.png 600w\" sizes=\"auto, (max-width: 782px) 100vw, 782px\" \/>                                <\/div>\n                         \n                    <\/div>\n                    <div class=\"product-desc-container\">\n                        <h3 class=\"product-title\">\n                            Die Body Sculpt-Maschine                        <\/h3>\n                        <p class=\"product-desc\">\n                            Mit Body Sculpting k\u00f6nnen Ihre Kunden schnell Muskeln aufbauen und Fett verbrennen. Die Maschine nutzt einen Touchscreen, um die Leistung und Frequenz einfach zu steuern. Das Ger\u00e4t hat zwei Griffe, die je nach K\u00f6rperteil gleichzeitig verwendet werden k\u00f6nnen.                        <\/p>\n                       \n                        <!-- <button > -->\n                        <a class=\"btn--solid btn--blue w-arrow\" href=\"https:\/\/www.elegance-boutique.ch\/de\/die-body-sculpt-maschine\/\" target=\"_blank\">\n                            Mehr erfahren                        <\/a>\n                        <!-- <\/button> -->\n                    <\/div>\n                <\/div>\n        \n    <\/div>\n<\/section>","protected":false},"excerpt":{"rendered":"","protected":false},"author":1,"featured_media":0,"parent":0,"menu_order":0,"comment_status":"closed","ping_status":"closed","template":"","meta":{"inline_featured_image":false,"_joinchat":[],"footnotes":""},"class_list":["post-3828","page","type-page","status-publish","hentry"],"acf":[],"yoast_head":"<!-- This site is optimized with the Yoast SEO plugin v25.0 - https:\/\/yoast.com\/wordpress\/plugins\/seo\/ -->\n<title>Blog - Elegance Boutique<\/title>\n<meta name=\"description\" content=\"Entdecken Sie alle unsere Neuigkeiten aus dem Bereich der \u00c4sthetik. Erfahren Sie mehr in unseren Blogartikeln.\" \/>\n<meta name=\"robots\" content=\"index, follow, max-snippet:-1, max-image-preview:large, max-video-preview:-1\" \/>\n<link rel=\"canonical\" href=\"https:\/\/www.elegance-boutique.ch\/de\/blog\/\" \/>\n<meta property=\"og:locale\" content=\"de_DE\" \/>\n<meta property=\"og:type\" content=\"article\" \/>\n<meta property=\"og:title\" content=\"Blog - Elegance Boutique\" \/>\n<meta property=\"og:description\" content=\"Entdecken Sie alle unsere Neuigkeiten aus dem Bereich der \u00c4sthetik. Erfahren Sie mehr in unseren Blogartikeln.\" \/>\n<meta property=\"og:url\" content=\"https:\/\/www.elegance-boutique.ch\/de\/blog\/\" \/>\n<meta property=\"og:site_name\" content=\"Elegance Boutique\" \/>\n<meta property=\"article:publisher\" content=\"https:\/\/www.facebook.com\/EleganceBoutiqueSwiss\" \/>\n<meta property=\"article:modified_time\" content=\"2025-10-14T13:14:38+00:00\" \/>\n<meta property=\"og:image\" content=\"https:\/\/elegance-boutique.ch\/wp-content\/uploads\/2022\/03\/location_machines-287x300.png\" \/>\n<meta name=\"twitter:card\" content=\"summary_large_image\" \/>\n<meta name=\"twitter:image\" content=\"https:\/\/elegance-boutique.ch\/wp-content\/uploads\/2022\/03\/location_machines-980x1024.png\" \/>\n<script type=\"application\/ld+json\" class=\"yoast-schema-graph\">{\"@context\":\"https:\/\/schema.org\",\"@graph\":[{\"@type\":\"WebPage\",\"@id\":\"https:\/\/www.elegance-boutique.ch\/de\/blog\/\",\"url\":\"https:\/\/www.elegance-boutique.ch\/de\/blog\/\",\"name\":\"Blog - Elegance Boutique\",\"isPartOf\":{\"@id\":\"https:\/\/www.elegance-boutique.ch\/de\/#website\"},\"datePublished\":\"2023-03-28T12:39:50+00:00\",\"dateModified\":\"2025-10-14T13:14:38+00:00\",\"description\":\"Entdecken Sie alle unsere Neuigkeiten aus dem Bereich der \u00c4sthetik. Erfahren Sie mehr in unseren Blogartikeln.\",\"breadcrumb\":{\"@id\":\"https:\/\/www.elegance-boutique.ch\/de\/blog\/#breadcrumb\"},\"inLanguage\":\"de\",\"potentialAction\":[{\"@type\":\"ReadAction\",\"target\":[\"https:\/\/www.elegance-boutique.ch\/de\/blog\/\"]}]},{\"@type\":\"BreadcrumbList\",\"@id\":\"https:\/\/www.elegance-boutique.ch\/de\/blog\/#breadcrumb\",\"itemListElement\":[{\"@type\":\"ListItem\",\"position\":1,\"name\":\"Accueil\",\"item\":\"https:\/\/www.elegance-boutique.ch\/de\/\"},{\"@type\":\"ListItem\",\"position\":2,\"name\":\"Blog\"}]},{\"@type\":\"WebSite\",\"@id\":\"https:\/\/www.elegance-boutique.ch\/de\/#website\",\"url\":\"https:\/\/www.elegance-boutique.ch\/de\/\",\"name\":\"Elegance Boutique\",\"description\":\"Appareils esth\u00e9tiques professionnels\",\"publisher\":{\"@id\":\"https:\/\/www.elegance-boutique.ch\/de\/#organization\"},\"potentialAction\":[{\"@type\":\"SearchAction\",\"target\":{\"@type\":\"EntryPoint\",\"urlTemplate\":\"https:\/\/www.elegance-boutique.ch\/de\/?s={search_term_string}\"},\"query-input\":{\"@type\":\"PropertyValueSpecification\",\"valueRequired\":true,\"valueName\":\"search_term_string\"}}],\"inLanguage\":\"de\"},{\"@type\":\"Organization\",\"@id\":\"https:\/\/www.elegance-boutique.ch\/de\/#organization\",\"name\":\"Elegance Boutique\",\"url\":\"https:\/\/www.elegance-boutique.ch\/de\/\",\"logo\":{\"@type\":\"ImageObject\",\"inLanguage\":\"de\",\"@id\":\"https:\/\/www.elegance-boutique.ch\/de\/#\/schema\/logo\/image\/\",\"url\":\"https:\/\/www.elegance-boutique.ch\/wp-content\/uploads\/2022\/03\/Logo-EB-v5-Horizontal.png\",\"contentUrl\":\"https:\/\/www.elegance-boutique.ch\/wp-content\/uploads\/2022\/03\/Logo-EB-v5-Horizontal.png\",\"width\":1415,\"height\":283,\"caption\":\"Elegance Boutique\"},\"image\":{\"@id\":\"https:\/\/www.elegance-boutique.ch\/de\/#\/schema\/logo\/image\/\"},\"sameAs\":[\"https:\/\/www.facebook.com\/EleganceBoutiqueSwiss\",\"https:\/\/www.linkedin.com\/company\/elegance-boutique-esthetique-professionnelle\/\"]}]}<\/script>\n<!-- \/ Yoast SEO plugin. -->","yoast_head_json":{"title":"Blog - Elegance Boutique","description":"Entdecken Sie alle unsere Neuigkeiten aus dem Bereich der \u00c4sthetik. Erfahren Sie mehr in unseren Blogartikeln.","robots":{"index":"index","follow":"follow","max-snippet":"max-snippet:-1","max-image-preview":"max-image-preview:large","max-video-preview":"max-video-preview:-1"},"canonical":"https:\/\/www.elegance-boutique.ch\/de\/blog\/","og_locale":"de_DE","og_type":"article","og_title":"Blog - Elegance Boutique","og_description":"Entdecken Sie alle unsere Neuigkeiten aus dem Bereich der \u00c4sthetik. Erfahren Sie mehr in unseren Blogartikeln.","og_url":"https:\/\/www.elegance-boutique.ch\/de\/blog\/","og_site_name":"Elegance Boutique","article_publisher":"https:\/\/www.facebook.com\/EleganceBoutiqueSwiss","article_modified_time":"2025-10-14T13:14:38+00:00","og_image":[{"url":"https:\/\/elegance-boutique.ch\/wp-content\/uploads\/2022\/03\/location_machines-287x300.png","type":"","width":"","height":""}],"twitter_card":"summary_large_image","twitter_image":"https:\/\/elegance-boutique.ch\/wp-content\/uploads\/2022\/03\/location_machines-980x1024.png","schema":{"@context":"https:\/\/schema.org","@graph":[{"@type":"WebPage","@id":"https:\/\/www.elegance-boutique.ch\/de\/blog\/","url":"https:\/\/www.elegance-boutique.ch\/de\/blog\/","name":"Blog - Elegance Boutique","isPartOf":{"@id":"https:\/\/www.elegance-boutique.ch\/de\/#website"},"datePublished":"2023-03-28T12:39:50+00:00","dateModified":"2025-10-14T13:14:38+00:00","description":"Entdecken Sie alle unsere Neuigkeiten aus dem Bereich der \u00c4sthetik. Erfahren Sie mehr in unseren Blogartikeln.","breadcrumb":{"@id":"https:\/\/www.elegance-boutique.ch\/de\/blog\/#breadcrumb"},"inLanguage":"de","potentialAction":[{"@type":"ReadAction","target":["https:\/\/www.elegance-boutique.ch\/de\/blog\/"]}]},{"@type":"BreadcrumbList","@id":"https:\/\/www.elegance-boutique.ch\/de\/blog\/#breadcrumb","itemListElement":[{"@type":"ListItem","position":1,"name":"Accueil","item":"https:\/\/www.elegance-boutique.ch\/de\/"},{"@type":"ListItem","position":2,"name":"Blog"}]},{"@type":"WebSite","@id":"https:\/\/www.elegance-boutique.ch\/de\/#website","url":"https:\/\/www.elegance-boutique.ch\/de\/","name":"Elegance Boutique","description":"Appareils esth\u00e9tiques professionnels","publisher":{"@id":"https:\/\/www.elegance-boutique.ch\/de\/#organization"},"potentialAction":[{"@type":"SearchAction","target":{"@type":"EntryPoint","urlTemplate":"https:\/\/www.elegance-boutique.ch\/de\/?s={search_term_string}"},"query-input":{"@type":"PropertyValueSpecification","valueRequired":true,"valueName":"search_term_string"}}],"inLanguage":"de"},{"@type":"Organization","@id":"https:\/\/www.elegance-boutique.ch\/de\/#organization","name":"Elegance Boutique","url":"https:\/\/www.elegance-boutique.ch\/de\/","logo":{"@type":"ImageObject","inLanguage":"de","@id":"https:\/\/www.elegance-boutique.ch\/de\/#\/schema\/logo\/image\/","url":"https:\/\/www.elegance-boutique.ch\/wp-content\/uploads\/2022\/03\/Logo-EB-v5-Horizontal.png","contentUrl":"https:\/\/www.elegance-boutique.ch\/wp-content\/uploads\/2022\/03\/Logo-EB-v5-Horizontal.png","width":1415,"height":283,"caption":"Elegance Boutique"},"image":{"@id":"https:\/\/www.elegance-boutique.ch\/de\/#\/schema\/logo\/image\/"},"sameAs":["https:\/\/www.facebook.com\/EleganceBoutiqueSwiss","https:\/\/www.linkedin.com\/company\/elegance-boutique-esthetique-professionnelle\/"]}]}},"_links":{"self":[{"href":"https:\/\/www.elegance-boutique.ch\/de\/wp-json\/wp\/v2\/pages\/3828","targetHints":{"allow":["GET"]}}],"collection":[{"href":"https:\/\/www.elegance-boutique.ch\/de\/wp-json\/wp\/v2\/pages"}],"about":[{"href":"https:\/\/www.elegance-boutique.ch\/de\/wp-json\/wp\/v2\/types\/page"}],"author":[{"embeddable":true,"href":"https:\/\/www.elegance-boutique.ch\/de\/wp-json\/wp\/v2\/users\/1"}],"replies":[{"embeddable":true,"href":"https:\/\/www.elegance-boutique.ch\/de\/wp-json\/wp\/v2\/comments?post=3828"}],"version-history":[{"count":10,"href":"https:\/\/www.elegance-boutique.ch\/de\/wp-json\/wp\/v2\/pages\/3828\/revisions"}],"predecessor-version":[{"id":5873,"href":"https:\/\/www.elegance-boutique.ch\/de\/wp-json\/wp\/v2\/pages\/3828\/revisions\/5873"}],"wp:attachment":[{"href":"https:\/\/www.elegance-boutique.ch\/de\/wp-json\/wp\/v2\/media?parent=3828"}],"curies":[{"name":"wp","href":"https:\/\/api.w.org\/{rel}","templated":true}]}}