{"id":3270,"date":"2022-02-15T11:46:07","date_gmt":"2022-02-15T10:46:07","guid":{"rendered":"https:\/\/www.elegance-boutique.ch\/i-nostri-saloni-di-bellezza\/"},"modified":"2023-11-03T15:07:31","modified_gmt":"2023-11-03T14:07:31","slug":"i-nostri-saloni-di-bellezza","status":"publish","type":"page","link":"https:\/\/www.elegance-boutique.ch\/it-ch\/i-nostri-saloni-di-bellezza\/","title":{"rendered":"I nostri saloni di bellezza"},"content":{"rendered":"\n<div class=\"container\"><h1 class=\"title-page\">I nostri saloni di bellezza<\/h1><\/div>\n\n\n<section class=\"image-text\">\n    <div class=\"container\">\n        <div class=\"imageText--grid\">\n            <div class=\"imageText--left\">\n                                <img decoding=\"async\" src=\"https:\/\/www.elegance-boutique.ch\/wp-content\/uploads\/2023\/04\/elegance-boutique-banniere-location.jpg\" alt=\"Esth\u00e9ticienne en train d'utiliser sa machine \u00e0 \u00e9pilation laser sur une patiente. \">\n            <\/div>\n            <div class=\"imageText--right\">\n                <h2 class=\"title\">\n                    La nostra storia                <\/h2>\n                <p class=\"text\">\n                    Elegance era originariamente un salone di bellezza chiamato Elegance Studio. Elegance Studio si \u00e8 sviluppato negli anni unendo passione e professionalit\u00e0. Dopo anni di attivit\u00e0 nel settore, l&#8217;azienda ha deciso di vendere le macchine che utilizzava. Elegance Studio si \u00e8 reso conto delle esigenze del mercato e della complessit\u00e0 di accesso a questi strumenti e ha deciso di renderli accessibili.  <br><br>\r\n\r\nElegance Boutique \u00e8 nata e ha iniziato ad acquisire questi dispositivi. Poich\u00e9 Elegance Studio utilizza le macchine che acquistate, Elegance Boutique non si limita a vendervi le macchine, ma vi consiglia, vi forma, installa il prodotto e vi offre un&#8217;assistenza post-vendita continua. Elegance Boutique comprende i problemi associati alle macchine e pu\u00f2 quindi supportarvi nel miglior modo possibile.<br><br>\r\n\r\nElegance Boutique \u00e8 presente sul mercato della vendita di apparecchiature per la bellezza da 2 anni e ha una reale esperienza della domanda. Grazie ai suoi partner, il negozio offre macchine di ultima generazione, sempre all&#8217;avanguardia della tecnologia.                <\/p>\n            <\/div>\n        <\/div>\n    <\/div>\n<\/section>\n\n<section class=\"image-text reversed\">\n    <div class=\"container\">\n        <div class=\"imageText--grid\">\n            <div class=\"imageText--left\">\n                                <img decoding=\"async\" src=\"https:\/\/www.elegance-boutique.ch\/wp-content\/uploads\/2023\/04\/elegance-boutique-banniere-services.jpg\" alt=\"Une esth\u00e9ticienne qui est en train de discuter avec sa patiente.\">\n            <\/div>\n            <div class=\"imageText--right\">\n                <h2 class=\"title\">\n                    Perch\u00e9 Elegance Boutique?                <\/h2>\n                <p class=\"text\">\n                    Abbiamo iniziato aprendo saloni di bellezza. Poi abbiamo trovato l&#8217;opportunit\u00e0 di investire in macchine professionali e, soprattutto, all&#8217;avanguardia. Di conseguenza, abbiamo ordinato macchine e ampliato la nostra offerta di servizi. Oggi abbiamo pi\u00f9 di 8 macchine, il che ci d\u00e0 la possibilit\u00e0 di aumentare la nostra gamma di servizi e di continuare la nostra attivit\u00e0.  <br><br>\r\n\r\nAbbiamo deciso di offrire queste macchine a tutti i saloni di bellezza e di dare loro la possibilit\u00e0 di aumentare la propria gamma di servizi con l&#8217;aiuto di macchine di ultima generazione e, soprattutto, a prezzi che sfidano la concorrenza.<br><br>\r\n\r\n\u00c8 molto facile iniziare e Elegance Boutique \u00e8 lieta di presentarvi le sue macchine. Il nostro motto: prova prima di acquistare. Approfittate dell&#8217;esperienza del nostro personale per porre tutte le vostre domande. In effetti, li usano tutti i giorni.<br><br>\r\n\r\n&#8220;L&#8217;unica verit\u00e0 \u00e8 la tua&#8221;, <em>Elegance Boutique.<\/em>                <\/p>\n            <\/div>\n        <\/div>\n    <\/div>\n<\/section>\n\n<section class=\"image-text\">\n    <div class=\"container\">\n        <div class=\"imageText--grid\">\n            <div class=\"imageText--left\">\n                                <img decoding=\"async\" src=\"https:\/\/www.elegance-boutique.ch\/wp-content\/uploads\/2023\/04\/formation-elegance-boutique.jpg\" alt=\"Esth\u00e9ticienne debout en train de poser pour une photographie.\">\n            <\/div>\n            <div class=\"imageText--right\">\n                <h2 class=\"title\">\n                    I nostri corsi                <\/h2>\n                <p class=\"text\">\n                    Le nostre macchine sono facili da usare, ma possono richiedere una prima dimostrazione per essere padroneggiate. Con Elegance Boutique non c&#8217;\u00e8 stress: per ogni macchina acquistata, la formazione \u00e8 inclusa.  <br><br>\r\n\r\nLe nostre estetiste, esperte nell&#8217;uso di ciascun macchinario, vi mostreranno in dettaglio come utilizzarlo. Vi verranno inoltre illustrati tutti i benefici e i vantaggi.                <\/p>\n            <\/div>\n        <\/div>\n    <\/div>\n<\/section>\n\n\n<div style=\"height:10px\" aria-hidden=\"true\" class=\"wp-block-spacer\"><\/div>\n\n\n<section class=\"map map-color\">\n    <div class=\"container\">\n        <div class=\"map--grid\">\n            <div class=\"map--left\">\n                \t\t\t\t<img decoding=\"async\" class=\"map--img\" src=\"\" alt=\"\" >\n            <\/div>\n            <div class=\"map--right\">\n                <h2 class=\"title\">\n                    Istituto di Crissier &#8211; Showroom\n                <\/h2>\n                <p class=\"content\">\n                    Scoprite il nostro showroom presso il nostro salone di bellezza a Crissier. Trovate qui tutti i nostri prodotti e le nostre macchine!                <\/p>\n                <div class=\"list\">\n                                                <div class=\"list--item\">\n                                <div class=\"list--header\">\n                                                                        <img decoding=\"async\" src=\"https:\/\/www.elegance-boutique.ch\/wp-content\/uploads\/2022\/02\/phone-icon.svg\" alt=\"\">\n                                <\/div>\n                                <div class=\"list--body\">\n                                    <p class=\"list--title\">\n                                        Telefono                                    <\/p>\n                                    <p class=\"list--content\">\n                                        <a href=\"tel:+41219711010\">+41 21 971 10 10<\/a>                                    <\/p>\n                                <\/div>\n                            <\/div>\n                                                <div class=\"list--item\">\n                                <div class=\"list--header\">\n                                                                        <img decoding=\"async\" src=\"https:\/\/www.elegance-boutique.ch\/wp-content\/uploads\/2022\/02\/mail-icon.svg\" alt=\"\">\n                                <\/div>\n                                <div class=\"list--body\">\n                                    <p class=\"list--title\">\n                                        Email                                    <\/p>\n                                    <p class=\"list--content\">\n                                        <a href=\"mailto:info@elegance-boutique.ch\">info@elegance-boutique.ch<\/a>                                    <\/p>\n                                <\/div>\n                            <\/div>\n                                                <div class=\"list--item\">\n                                <div class=\"list--header\">\n                                                                        <img decoding=\"async\" src=\"https:\/\/www.elegance-boutique.ch\/wp-content\/uploads\/2022\/02\/map-icon.svg\" alt=\"\">\n                                <\/div>\n                                <div class=\"list--body\">\n                                    <p class=\"list--title\">\n                                        Indirizzo                                    <\/p>\n                                    <p class=\"list--content\">\n                                        Rue des Alpes 59, 1023 Crissier, Svizzera                                    <\/p>\n                                <\/div>\n                            <\/div>\n                                    <\/div>\n            <\/div>\n        <\/div>\n            <\/div>\n<\/section>\n\n<section class=\"map map-color\">\n    <div class=\"container\">\n        <div class=\"map--grid\">\n            <div class=\"map--left\">\n                \t\t\t\t<img decoding=\"async\" class=\"map--img\" src=\"\" alt=\"\" >\n            <\/div>\n            <div class=\"map--right\">\n                <h2 class=\"title\">\n                    Istituto Marrakech &#8211; Showroom\n                <\/h2>\n                <p class=\"content\">\n                    Scoprite il nostro salone di bellezza a Marrakech. Trovate qui tutti i nostri prodotti e le nostre macchine!                <\/p>\n                <div class=\"list\">\n                                                <div class=\"list--item\">\n                                <div class=\"list--header\">\n                                                                        <img decoding=\"async\" src=\"https:\/\/www.elegance-boutique.ch\/wp-content\/uploads\/2022\/02\/phone-icon.svg\" alt=\"\">\n                                <\/div>\n                                <div class=\"list--body\">\n                                    <p class=\"list--title\">\n                                        Telefono                                    <\/p>\n                                    <p class=\"list--content\">\n                                        <a href=\"tel:+2120688-538581\">+212 0688-538581<\/a>                                    <\/p>\n                                <\/div>\n                            <\/div>\n                                                <div class=\"list--item\">\n                                <div class=\"list--header\">\n                                                                        <img decoding=\"async\" src=\"https:\/\/www.elegance-boutique.ch\/wp-content\/uploads\/2022\/02\/mail-icon.svg\" alt=\"\">\n                                <\/div>\n                                <div class=\"list--body\">\n                                    <p class=\"list--title\">\n                                        Email                                    <\/p>\n                                    <p class=\"list--content\">\n                                        <a href=\"mailto:info@elegance-boutique.ch\">info@elegance-boutique.ch<\/a>                                    <\/p>\n                                <\/div>\n                            <\/div>\n                                                <div class=\"list--item\">\n                                <div class=\"list--header\">\n                                                                        <img decoding=\"async\" src=\"https:\/\/www.elegance-boutique.ch\/wp-content\/uploads\/2022\/02\/map-icon.svg\" alt=\"\">\n                                <\/div>\n                                <div class=\"list--body\">\n                                    <p class=\"list--title\">\n                                        Indirizzo                                    <\/p>\n                                    <p class=\"list--content\">\n                                        Ufficio N\u00b08 situato al 23 Boulevard Allal El Fassi Lot Boukar Imm Josephine, Marrakech, Marocco                                    <\/p>\n                                <\/div>\n                            <\/div>\n                                    <\/div>\n            <\/div>\n        <\/div>\n            <\/div>\n<\/section>\n\n\n<p><\/p>\n","protected":false},"excerpt":{"rendered":"<p>I nostri saloni di bellezza<\/p>\n","protected":false},"author":1,"featured_media":0,"parent":0,"menu_order":0,"comment_status":"closed","ping_status":"closed","template":"","meta":{"inline_featured_image":false,"_joinchat":[],"footnotes":""},"class_list":["post-3270","page","type-page","status-publish","hentry"],"acf":[],"yoast_head":"<!-- This site is optimized with the Yoast SEO plugin v25.0 - https:\/\/yoast.com\/wordpress\/plugins\/seo\/ -->\n<title>I nostri saloni di bellezza - Elegance Boutique<\/title>\n<meta name=\"description\" content=\"Scoprite la nostra storia, i nostri corsi di formazione, i nostri saloni di bellezza a Renens e Montreux e il nostro showroom.\" \/>\n<meta name=\"robots\" content=\"index, follow, max-snippet:-1, max-image-preview:large, max-video-preview:-1\" \/>\n<link rel=\"canonical\" href=\"https:\/\/www.elegance-boutique.ch\/it-ch\/i-nostri-saloni-di-bellezza\/\" \/>\n<meta property=\"og:locale\" content=\"it_IT\" \/>\n<meta property=\"og:type\" content=\"article\" \/>\n<meta property=\"og:title\" content=\"I nostri saloni di bellezza - Elegance Boutique\" \/>\n<meta property=\"og:description\" content=\"Scoprite la nostra storia, i nostri corsi di formazione, i nostri saloni di bellezza a Renens e Montreux e il nostro showroom.\" \/>\n<meta property=\"og:url\" content=\"https:\/\/www.elegance-boutique.ch\/it-ch\/i-nostri-saloni-di-bellezza\/\" \/>\n<meta property=\"og:site_name\" content=\"Elegance Boutique\" \/>\n<meta property=\"article:publisher\" content=\"https:\/\/www.facebook.com\/EleganceBoutiqueSwiss\" \/>\n<meta property=\"article:modified_time\" content=\"2023-11-03T14:07:31+00:00\" \/>\n<meta property=\"og:image\" content=\"https:\/\/elegance-boutique.ch\/wp-content\/uploads\/2022\/02\/institut_beaute\u0301-1024x742.jpg\" \/>\n<meta name=\"twitter:card\" content=\"summary_large_image\" \/>\n<meta name=\"twitter:image\" content=\"https:\/\/elegance-boutique.ch\/wp-content\/uploads\/2022\/02\/institut_beaute\u0301-1024x742.jpg\" \/>\n<meta name=\"twitter:label1\" content=\"Est. reading time\" \/>\n\t<meta name=\"twitter:data1\" content=\"1 minute\" \/>\n<script type=\"application\/ld+json\" class=\"yoast-schema-graph\">{\"@context\":\"https:\/\/schema.org\",\"@graph\":[{\"@type\":\"WebPage\",\"@id\":\"https:\/\/www.elegance-boutique.ch\/it-ch\/i-nostri-saloni-di-bellezza\/\",\"url\":\"https:\/\/www.elegance-boutique.ch\/it-ch\/i-nostri-saloni-di-bellezza\/\",\"name\":\"I nostri saloni di bellezza - Elegance Boutique\",\"isPartOf\":{\"@id\":\"https:\/\/www.elegance-boutique.ch\/it-ch\/#website\"},\"datePublished\":\"2022-02-15T10:46:07+00:00\",\"dateModified\":\"2023-11-03T14:07:31+00:00\",\"description\":\"Scoprite la nostra storia, i nostri corsi di formazione, i nostri saloni di bellezza a Renens e Montreux e il nostro showroom.\",\"breadcrumb\":{\"@id\":\"https:\/\/www.elegance-boutique.ch\/it-ch\/i-nostri-saloni-di-bellezza\/#breadcrumb\"},\"inLanguage\":\"it-CH\",\"potentialAction\":[{\"@type\":\"ReadAction\",\"target\":[\"https:\/\/www.elegance-boutique.ch\/it-ch\/i-nostri-saloni-di-bellezza\/\"]}]},{\"@type\":\"BreadcrumbList\",\"@id\":\"https:\/\/www.elegance-boutique.ch\/it-ch\/i-nostri-saloni-di-bellezza\/#breadcrumb\",\"itemListElement\":[{\"@type\":\"ListItem\",\"position\":1,\"name\":\"Accueil\",\"item\":\"https:\/\/www.elegance-boutique.ch\/it-ch\/\"},{\"@type\":\"ListItem\",\"position\":2,\"name\":\"I nostri saloni di bellezza\"}]},{\"@type\":\"WebSite\",\"@id\":\"https:\/\/www.elegance-boutique.ch\/it-ch\/#website\",\"url\":\"https:\/\/www.elegance-boutique.ch\/it-ch\/\",\"name\":\"Elegance Boutique\",\"description\":\"Appareils esth\u00e9tiques professionnels\",\"publisher\":{\"@id\":\"https:\/\/www.elegance-boutique.ch\/it-ch\/#organization\"},\"potentialAction\":[{\"@type\":\"SearchAction\",\"target\":{\"@type\":\"EntryPoint\",\"urlTemplate\":\"https:\/\/www.elegance-boutique.ch\/it-ch\/?s={search_term_string}\"},\"query-input\":{\"@type\":\"PropertyValueSpecification\",\"valueRequired\":true,\"valueName\":\"search_term_string\"}}],\"inLanguage\":\"it-CH\"},{\"@type\":\"Organization\",\"@id\":\"https:\/\/www.elegance-boutique.ch\/it-ch\/#organization\",\"name\":\"Elegance Boutique\",\"url\":\"https:\/\/www.elegance-boutique.ch\/it-ch\/\",\"logo\":{\"@type\":\"ImageObject\",\"inLanguage\":\"it-CH\",\"@id\":\"https:\/\/www.elegance-boutique.ch\/it-ch\/#\/schema\/logo\/image\/\",\"url\":\"https:\/\/www.elegance-boutique.ch\/wp-content\/uploads\/2022\/03\/Logo-EB-v5-Horizontal.png\",\"contentUrl\":\"https:\/\/www.elegance-boutique.ch\/wp-content\/uploads\/2022\/03\/Logo-EB-v5-Horizontal.png\",\"width\":1415,\"height\":283,\"caption\":\"Elegance Boutique\"},\"image\":{\"@id\":\"https:\/\/www.elegance-boutique.ch\/it-ch\/#\/schema\/logo\/image\/\"},\"sameAs\":[\"https:\/\/www.facebook.com\/EleganceBoutiqueSwiss\",\"https:\/\/www.linkedin.com\/company\/elegance-boutique-esthetique-professionnelle\/\"]}]}<\/script>\n<!-- \/ Yoast SEO plugin. -->","yoast_head_json":{"title":"I nostri saloni di bellezza - Elegance Boutique","description":"Scoprite la nostra storia, i nostri corsi di formazione, i nostri saloni di bellezza a Renens e Montreux e il nostro showroom.","robots":{"index":"index","follow":"follow","max-snippet":"max-snippet:-1","max-image-preview":"max-image-preview:large","max-video-preview":"max-video-preview:-1"},"canonical":"https:\/\/www.elegance-boutique.ch\/it-ch\/i-nostri-saloni-di-bellezza\/","og_locale":"it_IT","og_type":"article","og_title":"I nostri saloni di bellezza - Elegance Boutique","og_description":"Scoprite la nostra storia, i nostri corsi di formazione, i nostri saloni di bellezza a Renens e Montreux e il nostro showroom.","og_url":"https:\/\/www.elegance-boutique.ch\/it-ch\/i-nostri-saloni-di-bellezza\/","og_site_name":"Elegance Boutique","article_publisher":"https:\/\/www.facebook.com\/EleganceBoutiqueSwiss","article_modified_time":"2023-11-03T14:07:31+00:00","og_image":[{"url":"https:\/\/elegance-boutique.ch\/wp-content\/uploads\/2022\/02\/institut_beaute\u0301-1024x742.jpg","type":"","width":"","height":""}],"twitter_card":"summary_large_image","twitter_image":"https:\/\/elegance-boutique.ch\/wp-content\/uploads\/2022\/02\/institut_beaute\u0301-1024x742.jpg","twitter_misc":{"Est. reading time":"1 minute"},"schema":{"@context":"https:\/\/schema.org","@graph":[{"@type":"WebPage","@id":"https:\/\/www.elegance-boutique.ch\/it-ch\/i-nostri-saloni-di-bellezza\/","url":"https:\/\/www.elegance-boutique.ch\/it-ch\/i-nostri-saloni-di-bellezza\/","name":"I nostri saloni di bellezza - Elegance Boutique","isPartOf":{"@id":"https:\/\/www.elegance-boutique.ch\/it-ch\/#website"},"datePublished":"2022-02-15T10:46:07+00:00","dateModified":"2023-11-03T14:07:31+00:00","description":"Scoprite la nostra storia, i nostri corsi di formazione, i nostri saloni di bellezza a Renens e Montreux e il nostro showroom.","breadcrumb":{"@id":"https:\/\/www.elegance-boutique.ch\/it-ch\/i-nostri-saloni-di-bellezza\/#breadcrumb"},"inLanguage":"it-CH","potentialAction":[{"@type":"ReadAction","target":["https:\/\/www.elegance-boutique.ch\/it-ch\/i-nostri-saloni-di-bellezza\/"]}]},{"@type":"BreadcrumbList","@id":"https:\/\/www.elegance-boutique.ch\/it-ch\/i-nostri-saloni-di-bellezza\/#breadcrumb","itemListElement":[{"@type":"ListItem","position":1,"name":"Accueil","item":"https:\/\/www.elegance-boutique.ch\/it-ch\/"},{"@type":"ListItem","position":2,"name":"I nostri saloni di bellezza"}]},{"@type":"WebSite","@id":"https:\/\/www.elegance-boutique.ch\/it-ch\/#website","url":"https:\/\/www.elegance-boutique.ch\/it-ch\/","name":"Elegance Boutique","description":"Appareils esth\u00e9tiques professionnels","publisher":{"@id":"https:\/\/www.elegance-boutique.ch\/it-ch\/#organization"},"potentialAction":[{"@type":"SearchAction","target":{"@type":"EntryPoint","urlTemplate":"https:\/\/www.elegance-boutique.ch\/it-ch\/?s={search_term_string}"},"query-input":{"@type":"PropertyValueSpecification","valueRequired":true,"valueName":"search_term_string"}}],"inLanguage":"it-CH"},{"@type":"Organization","@id":"https:\/\/www.elegance-boutique.ch\/it-ch\/#organization","name":"Elegance Boutique","url":"https:\/\/www.elegance-boutique.ch\/it-ch\/","logo":{"@type":"ImageObject","inLanguage":"it-CH","@id":"https:\/\/www.elegance-boutique.ch\/it-ch\/#\/schema\/logo\/image\/","url":"https:\/\/www.elegance-boutique.ch\/wp-content\/uploads\/2022\/03\/Logo-EB-v5-Horizontal.png","contentUrl":"https:\/\/www.elegance-boutique.ch\/wp-content\/uploads\/2022\/03\/Logo-EB-v5-Horizontal.png","width":1415,"height":283,"caption":"Elegance Boutique"},"image":{"@id":"https:\/\/www.elegance-boutique.ch\/it-ch\/#\/schema\/logo\/image\/"},"sameAs":["https:\/\/www.facebook.com\/EleganceBoutiqueSwiss","https:\/\/www.linkedin.com\/company\/elegance-boutique-esthetique-professionnelle\/"]}]}},"_links":{"self":[{"href":"https:\/\/www.elegance-boutique.ch\/it-ch\/wp-json\/wp\/v2\/pages\/3270","targetHints":{"allow":["GET"]}}],"collection":[{"href":"https:\/\/www.elegance-boutique.ch\/it-ch\/wp-json\/wp\/v2\/pages"}],"about":[{"href":"https:\/\/www.elegance-boutique.ch\/it-ch\/wp-json\/wp\/v2\/types\/page"}],"author":[{"embeddable":true,"href":"https:\/\/www.elegance-boutique.ch\/it-ch\/wp-json\/wp\/v2\/users\/1"}],"replies":[{"embeddable":true,"href":"https:\/\/www.elegance-boutique.ch\/it-ch\/wp-json\/wp\/v2\/comments?post=3270"}],"version-history":[{"count":5,"href":"https:\/\/www.elegance-boutique.ch\/it-ch\/wp-json\/wp\/v2\/pages\/3270\/revisions"}],"predecessor-version":[{"id":4348,"href":"https:\/\/www.elegance-boutique.ch\/it-ch\/wp-json\/wp\/v2\/pages\/3270\/revisions\/4348"}],"wp:attachment":[{"href":"https:\/\/www.elegance-boutique.ch\/it-ch\/wp-json\/wp\/v2\/media?parent=3270"}],"curies":[{"name":"wp","href":"https:\/\/api.w.org\/{rel}","templated":true}]}}