{"id":3272,"date":"2022-03-08T12:48:05","date_gmt":"2022-03-08T11:48:05","guid":{"rendered":"https:\/\/www.elegance-boutique.ch\/le-nostre-apparecchiature-di-bellezza\/"},"modified":"2025-10-14T15:37:27","modified_gmt":"2025-10-14T13:37:27","slug":"le-nostre-apparecchiature-di-bellezza","status":"publish","type":"page","link":"https:\/\/www.elegance-boutique.ch\/it-ch\/le-nostre-apparecchiature-di-bellezza\/","title":{"rendered":"Le nostre apparecchiature di bellezza"},"content":{"rendered":"<section class=\"hero\">\n        <img decoding=\"async\" src=\"\" alt=\"\">\n    <div class=\"container\">\n        <div class=\"hero--content\">\n            <h1 class=\"title\">Le nostre apparecchiature di bellezza<\/h1>\n                    <\/div>\n    <\/div>\n<\/section>\n\n<section class=\"home--product\">\n    <div class=\"container\">\n        <div class=\"header\">\n            <h2 class=\"title\"> Le nostre macchine<\/h2>\n                        <div class=\"product--list\">\n                <button data-filter=\"*\" class=\"btn--filter is-checked\">\n                    Toutes\n                <\/button>\n                                    <button data-filter=\"scultura-del-corpo-it-ch\" class=\"btn--filter\">Scultura del corpo<\/button>\n                            <\/div>\n        <\/div>\n                        <div class=\"home--product--item  \">\n                    \n                    <div class=\"product-img-container\">\n                        <!-- <img decoding=\"async\" src=\"\" class=\"product-img\"> -->\n                                                                                    <div class=\"img--container\">\n                                    <img decoding=\"async\" src=\"https:\/\/www.elegance-boutique.ch\/wp-content\/uploads\/2022\/02\/hydraface-elegance-boutique-machine-esthetique-2.png\" alt=\"Machine esth\u00e9tique hydraface\" \/>\n                                <\/div>\n                                                                        <\/div>\n                    <div class=\"product-desc-container\">\n                        <h3 class=\"product-title\">\n                            Hydraface HF-9                        <\/h3>\n                        <p class=\"product-desc\">\n                            L&#8217;Hydrafacial \u00e8 un trattamento che deterge, esfolia ed estrae in profondit\u00e0 tutte le impurit\u00e0 della pelle, grazie a un sistema unico e brevettato.                        <\/p>\n                        <p class=\"product-pricing\">\n                            <span class=\"start-price\">\n                                A partire da                                214.- al mese                            <\/span>\n                        <\/p>\n                        <!-- <button > -->\n                        <a class=\"btn--solid btn--blue w-arrow\" href=\"https:\/\/www.elegance-boutique.ch\/it-ch\/machine\/hydraface-hf-9\/\" target=\"_blank\">\n                            Per saperne di pi\u00f9                        <\/a>\n                        <!-- <\/button> -->\n                    <\/div>\n                <\/div>\n                        <div class=\"home--product--item  reverse\">\n                    \n                    <div class=\"product-img-container\">\n                        <!-- <img decoding=\"async\" src=\"\" class=\"product-img\"> -->\n                                                                                    <div class=\"img--container\">\n                                    <img decoding=\"async\" src=\"https:\/\/www.elegance-boutique.ch\/wp-content\/uploads\/2022\/02\/Lampe-puls\u201ae-IPL-LP-3.png\" alt=\"\" \/>\n                                <\/div>\n                                                                        <\/div>\n                    <div class=\"product-desc-container\">\n                        <h3 class=\"product-title\">\n                            Lampada pulsata (IPL) LP-3                        <\/h3>\n                        <p class=\"product-desc\">\n                            Luce pulsata intensa (IPL) per la depilazione permanente progressiva, il fotoringiovanimento e il trattamento di molti inestetismi cutanei.                          <\/p>\n                        <p class=\"product-pricing\">\n                            <span class=\"start-price\">\n                                A partire da                                356.- al mese                            <\/span>\n                        <\/p>\n                        <!-- <button > -->\n                        <a class=\"btn--solid btn--blue w-arrow\" href=\"https:\/\/www.elegance-boutique.ch\/it-ch\/machine\/lampada-pulsata-ipl-lp-3\/\" target=\"_blank\">\n                            Per saperne di pi\u00f9                        <\/a>\n                        <!-- <\/button> -->\n                    <\/div>\n                <\/div>\n                        <div class=\"home--product--item  \">\n                    \n                    <div class=\"product-img-container\">\n                        <!-- <img decoding=\"async\" src=\"\" class=\"product-img\"> -->\n                                                                                    <div class=\"img--container\">\n                                    <img decoding=\"async\" src=\"https:\/\/www.elegance-boutique.ch\/wp-content\/uploads\/2023\/05\/Machine-Shape-Pro-amincissement.png\" alt=\"Machine Shape Pro amincissement\" \/>\n                                <\/div>\n                                                                        <\/div>\n                    <div class=\"product-desc-container\">\n                        <h3 class=\"product-title\">\n                            Shape Pro SX-5                        <\/h3>\n                        <p class=\"product-desc\">\n                            \u00c8 il trattamento non invasivo pi\u00f9 efficace, in grado di rassodare la pelle, snellire e rimodellare il corpo in meno di un&#8217;ora.                        <\/p>\n                        <p class=\"product-pricing\">\n                            <span class=\"start-price\">\n                                A partire da                                440.- al mese                            <\/span>\n                        <\/p>\n                        <!-- <button > -->\n                        <a class=\"btn--solid btn--blue w-arrow\" href=\"https:\/\/www.elegance-boutique.ch\/it-ch\/machine\/shape-pro-sx-5\/\" target=\"_blank\">\n                            Per saperne di pi\u00f9                        <\/a>\n                        <!-- <\/button> -->\n                    <\/div>\n                <\/div>\n                        <div class=\"home--product--item scultura-del-corpo-it-ch reverse\">\n                    \n                    <div class=\"product-img-container\">\n                        <!-- <img decoding=\"async\" src=\"\" class=\"product-img\"> -->\n                                                                                    <div class=\"img--container\">\n                                    <img decoding=\"async\" src=\"https:\/\/www.elegance-boutique.ch\/wp-content\/uploads\/2022\/02\/Body_sculpt_shadow.png\" alt=\"\" \/>\n                                <\/div>\n                                                                        <\/div>\n                    <div class=\"product-desc-container\">\n                        <h3 class=\"product-title\">\n                            Body Sculpt BS-2                        <\/h3>\n                        <p class=\"product-desc\">\n                            Questo processo rivoluzionario produce le cosiddette contrazioni &#8220;sovramassimali&#8221;. Questi stimoli molto forti agiscono in profondit\u00e0 e provocano una reazione del tessuto muscolare, che si adatta e si riorganizza. In questo modo si elimina il grasso e si costruisce la massa muscolare. Distrutte dall&#8217;intensa attivit\u00e0 elettromagnetica, le cellule adipose vengono gradualmente eliminate dall&#8217;organismo nelle settimane successive al trattamento.                        <\/p>\n                        <p class=\"product-pricing\">\n                            <span class=\"start-price\">\n                                A partire da                                356.- al mese                            <\/span>\n                        <\/p>\n                        <!-- <button > -->\n                        <a class=\"btn--solid btn--blue w-arrow\" href=\"https:\/\/www.elegance-boutique.ch\/it-ch\/machine\/body-sculpt-bs-2\/\" target=\"_blank\">\n                            Per saperne di pi\u00f9                        <\/a>\n                        <!-- <\/button> -->\n                    <\/div>\n                <\/div>\n                        <div class=\"home--product--item  \">\n                    \n                    <div class=\"product-img-container\">\n                        <!-- <img decoding=\"async\" src=\"\" class=\"product-img\"> -->\n                                                                                    <div class=\"img--container\">\n                                    <img decoding=\"async\" src=\"https:\/\/www.elegance-boutique.ch\/wp-content\/uploads\/2022\/02\/Cryolipolyse-2.png\" alt=\"Cryolipolis\" \/>\n                                <\/div>\n                                                                        <\/div>\n                    <div class=\"product-desc-container\">\n                        <h3 class=\"product-title\">\n                            Criolipolisi 360\u00b0 CR-5                        <\/h3>\n                        <p class=\"product-desc\">\n                            La criolipolisi \u00e8 un processo che mira a perdere peso trattando i depositi di grasso localizzati per eliminare fino al 70% delle cellule adipose.                        <\/p>\n                        <p class=\"product-pricing\">\n                            <span class=\"start-price\">\n                                A partire da                                398.- al mese                            <\/span>\n                        <\/p>\n                        <!-- <button > -->\n                        <a class=\"btn--solid btn--blue w-arrow\" href=\"https:\/\/www.elegance-boutique.ch\/it-ch\/machine\/criolipolisi-360-cr-5\/\" target=\"_blank\">\n                            Per saperne di pi\u00f9                        <\/a>\n                        <!-- <\/button> -->\n                    <\/div>\n                <\/div>\n                        <div class=\"home--product--item scultura-del-corpo-it-ch reverse\">\n                                            <div class=\"new--container\">\n                            Nuovo                        <\/div>\n                    \n                    <div class=\"product-img-container\">\n                        <!-- <img decoding=\"async\" src=\"\" class=\"product-img\"> -->\n                                                                                    <div class=\"img--container\">\n                                    <img decoding=\"async\" src=\"https:\/\/www.elegance-boutique.ch\/wp-content\/uploads\/2023\/03\/photo-i-shape-elegance-boutique.png\" alt=\"Photo d'une femme en train d'utiliser son appareil I-Shape et de g\u00e9rer les r\u00e9glages sur un \u00e9cran tactile.\" \/>\n                                <\/div>\n                                                                        <\/div>\n                    <div class=\"product-desc-container\">\n                        <h3 class=\"product-title\">\n                            I-Model IM-6                        <\/h3>\n                        <p class=\"product-desc\">\n                            I-Model offre risultati immediati e permanenti in termini di perdita di grasso, tonificazione, rigenerazione muscolare, riabilitazione e ringiovanimento della pelle.                        <\/p>\n                        <p class=\"product-pricing\">\n                            <span class=\"start-price\">\n                                A partire da                                272.- al mese                            <\/span>\n                        <\/p>\n                        <!-- <button > -->\n                        <a class=\"btn--solid btn--blue w-arrow\" href=\"https:\/\/www.elegance-boutique.ch\/it-ch\/machine\/i-model-im-6\/\" target=\"_blank\">\n                            Per saperne di pi\u00f9                        <\/a>\n                        <!-- <\/button> -->\n                    <\/div>\n                <\/div>\n        \n    <\/div>\n<\/section>\n\n\n<div class=\"icones--services\">\n  <div class=\"icones--grid container\">\n            <div class=\"items-icones\">\n                    <img decoding=\"async\" src=\"https:\/\/www.elegance-boutique.ch\/wp-content\/uploads\/2022\/02\/formation.svg\" alt=\"\">\n                    <h2>Formazione inclusa<\/h2>\n        <\/div>\n            <div class=\"items-icones\">\n                    <img decoding=\"async\" src=\"https:\/\/www.elegance-boutique.ch\/wp-content\/uploads\/2022\/02\/livraison.svg\" alt=\"\">\n                    <h2>Consegna gratuita<\/h2>\n        <\/div>\n            <div class=\"items-icones\">\n                    <img decoding=\"async\" src=\"https:\/\/www.elegance-boutique.ch\/wp-content\/uploads\/2022\/02\/installation.svg\" alt=\"\">\n                    <h2>Installazione gratuita<\/h2>\n        <\/div>\n            <div class=\"items-icones\">\n                    <img decoding=\"async\" src=\"https:\/\/www.elegance-boutique.ch\/wp-content\/uploads\/2022\/02\/service-vente.svg\" alt=\"\">\n                    <h2>Servizio post vendita<\/h2>\n        <\/div>\n            <div class=\"items-icones\">\n                    <img decoding=\"async\" src=\"https:\/\/www.elegance-boutique.ch\/wp-content\/uploads\/2022\/02\/garantie.svg\" alt=\"\">\n                    <h2>2 anni di garanzia di fabbrica<\/h2>\n        <\/div>\n      <\/div>\n<\/div>","protected":false},"excerpt":{"rendered":"","protected":false},"author":1,"featured_media":0,"parent":0,"menu_order":0,"comment_status":"closed","ping_status":"open","template":"","meta":{"inline_featured_image":false,"_joinchat":[],"footnotes":""},"class_list":["post-3272","page","type-page","status-publish","hentry"],"acf":[],"yoast_head":"<!-- This site is optimized with the Yoast SEO plugin v25.0 - https:\/\/yoast.com\/wordpress\/plugins\/seo\/ -->\n<title>Le nostre apparecchiature di bellezza - Elegance Boutique<\/title>\n<meta name=\"description\" content=\"Scoprite le nostre apparecchiature di bellezza. Hydraface HF-9. Body Sculpt BS-2. Criolipolisi 360 CR-5. Shape Pro SX-5. Rimozione dei tatuaggi LDT-1. Diodo laser L3-1...\" \/>\n<meta name=\"robots\" content=\"index, follow, max-snippet:-1, max-image-preview:large, max-video-preview:-1\" \/>\n<link rel=\"canonical\" href=\"https:\/\/www.elegance-boutique.ch\/it-ch\/le-nostre-apparecchiature-di-bellezza\/\" \/>\n<meta property=\"og:locale\" content=\"it_IT\" \/>\n<meta property=\"og:type\" content=\"article\" \/>\n<meta property=\"og:title\" content=\"Le nostre apparecchiature di bellezza - Elegance Boutique\" \/>\n<meta property=\"og:description\" content=\"Scoprite le nostre apparecchiature di bellezza. Hydraface HF-9. Body Sculpt BS-2. Criolipolisi 360 CR-5. Shape Pro SX-5. Rimozione dei tatuaggi LDT-1. Diodo laser L3-1...\" \/>\n<meta property=\"og:url\" content=\"https:\/\/www.elegance-boutique.ch\/it-ch\/le-nostre-apparecchiature-di-bellezza\/\" \/>\n<meta property=\"og:site_name\" content=\"Elegance Boutique\" \/>\n<meta property=\"article:publisher\" content=\"https:\/\/www.facebook.com\/EleganceBoutiqueSwiss\" \/>\n<meta property=\"article:modified_time\" content=\"2025-10-14T13:37:27+00:00\" \/>\n<meta property=\"og:image\" content=\"https:\/\/elegance-boutique.ch\/wp-content\/uploads\/2022\/03\/location_machines-287x300.png\" \/>\n<meta name=\"twitter:card\" content=\"summary_large_image\" \/>\n<meta name=\"twitter:image\" content=\"https:\/\/elegance-boutique.ch\/wp-content\/uploads\/2022\/03\/location_machines-980x1024.png\" \/>\n<script type=\"application\/ld+json\" class=\"yoast-schema-graph\">{\"@context\":\"https:\/\/schema.org\",\"@graph\":[{\"@type\":\"WebPage\",\"@id\":\"https:\/\/www.elegance-boutique.ch\/it-ch\/le-nostre-apparecchiature-di-bellezza\/\",\"url\":\"https:\/\/www.elegance-boutique.ch\/it-ch\/le-nostre-apparecchiature-di-bellezza\/\",\"name\":\"Le nostre apparecchiature di bellezza - Elegance Boutique\",\"isPartOf\":{\"@id\":\"https:\/\/www.elegance-boutique.ch\/it-ch\/#website\"},\"datePublished\":\"2022-03-08T11:48:05+00:00\",\"dateModified\":\"2025-10-14T13:37:27+00:00\",\"description\":\"Scoprite le nostre apparecchiature di bellezza. Hydraface HF-9. Body Sculpt BS-2. Criolipolisi 360 CR-5. Shape Pro SX-5. Rimozione dei tatuaggi LDT-1. Diodo laser L3-1...\",\"breadcrumb\":{\"@id\":\"https:\/\/www.elegance-boutique.ch\/it-ch\/le-nostre-apparecchiature-di-bellezza\/#breadcrumb\"},\"inLanguage\":\"it-CH\",\"potentialAction\":[{\"@type\":\"ReadAction\",\"target\":[\"https:\/\/www.elegance-boutique.ch\/it-ch\/le-nostre-apparecchiature-di-bellezza\/\"]}]},{\"@type\":\"BreadcrumbList\",\"@id\":\"https:\/\/www.elegance-boutique.ch\/it-ch\/le-nostre-apparecchiature-di-bellezza\/#breadcrumb\",\"itemListElement\":[{\"@type\":\"ListItem\",\"position\":1,\"name\":\"Accueil\",\"item\":\"https:\/\/www.elegance-boutique.ch\/it-ch\/\"},{\"@type\":\"ListItem\",\"position\":2,\"name\":\"Le nostre apparecchiature di bellezza\"}]},{\"@type\":\"WebSite\",\"@id\":\"https:\/\/www.elegance-boutique.ch\/it-ch\/#website\",\"url\":\"https:\/\/www.elegance-boutique.ch\/it-ch\/\",\"name\":\"Elegance Boutique\",\"description\":\"Appareils esth\u00e9tiques professionnels\",\"publisher\":{\"@id\":\"https:\/\/www.elegance-boutique.ch\/it-ch\/#organization\"},\"potentialAction\":[{\"@type\":\"SearchAction\",\"target\":{\"@type\":\"EntryPoint\",\"urlTemplate\":\"https:\/\/www.elegance-boutique.ch\/it-ch\/?s={search_term_string}\"},\"query-input\":{\"@type\":\"PropertyValueSpecification\",\"valueRequired\":true,\"valueName\":\"search_term_string\"}}],\"inLanguage\":\"it-CH\"},{\"@type\":\"Organization\",\"@id\":\"https:\/\/www.elegance-boutique.ch\/it-ch\/#organization\",\"name\":\"Elegance Boutique\",\"url\":\"https:\/\/www.elegance-boutique.ch\/it-ch\/\",\"logo\":{\"@type\":\"ImageObject\",\"inLanguage\":\"it-CH\",\"@id\":\"https:\/\/www.elegance-boutique.ch\/it-ch\/#\/schema\/logo\/image\/\",\"url\":\"https:\/\/www.elegance-boutique.ch\/wp-content\/uploads\/2022\/03\/Logo-EB-v5-Horizontal.png\",\"contentUrl\":\"https:\/\/www.elegance-boutique.ch\/wp-content\/uploads\/2022\/03\/Logo-EB-v5-Horizontal.png\",\"width\":1415,\"height\":283,\"caption\":\"Elegance Boutique\"},\"image\":{\"@id\":\"https:\/\/www.elegance-boutique.ch\/it-ch\/#\/schema\/logo\/image\/\"},\"sameAs\":[\"https:\/\/www.facebook.com\/EleganceBoutiqueSwiss\",\"https:\/\/www.linkedin.com\/company\/elegance-boutique-esthetique-professionnelle\/\"]}]}<\/script>\n<!-- \/ Yoast SEO plugin. -->","yoast_head_json":{"title":"Le nostre apparecchiature di bellezza - Elegance Boutique","description":"Scoprite le nostre apparecchiature di bellezza. Hydraface HF-9. Body Sculpt BS-2. Criolipolisi 360 CR-5. Shape Pro SX-5. Rimozione dei tatuaggi LDT-1. Diodo laser L3-1...","robots":{"index":"index","follow":"follow","max-snippet":"max-snippet:-1","max-image-preview":"max-image-preview:large","max-video-preview":"max-video-preview:-1"},"canonical":"https:\/\/www.elegance-boutique.ch\/it-ch\/le-nostre-apparecchiature-di-bellezza\/","og_locale":"it_IT","og_type":"article","og_title":"Le nostre apparecchiature di bellezza - Elegance Boutique","og_description":"Scoprite le nostre apparecchiature di bellezza. Hydraface HF-9. Body Sculpt BS-2. Criolipolisi 360 CR-5. Shape Pro SX-5. Rimozione dei tatuaggi LDT-1. Diodo laser L3-1...","og_url":"https:\/\/www.elegance-boutique.ch\/it-ch\/le-nostre-apparecchiature-di-bellezza\/","og_site_name":"Elegance Boutique","article_publisher":"https:\/\/www.facebook.com\/EleganceBoutiqueSwiss","article_modified_time":"2025-10-14T13:37:27+00:00","og_image":[{"url":"https:\/\/elegance-boutique.ch\/wp-content\/uploads\/2022\/03\/location_machines-287x300.png","type":"","width":"","height":""}],"twitter_card":"summary_large_image","twitter_image":"https:\/\/elegance-boutique.ch\/wp-content\/uploads\/2022\/03\/location_machines-980x1024.png","schema":{"@context":"https:\/\/schema.org","@graph":[{"@type":"WebPage","@id":"https:\/\/www.elegance-boutique.ch\/it-ch\/le-nostre-apparecchiature-di-bellezza\/","url":"https:\/\/www.elegance-boutique.ch\/it-ch\/le-nostre-apparecchiature-di-bellezza\/","name":"Le nostre apparecchiature di bellezza - Elegance Boutique","isPartOf":{"@id":"https:\/\/www.elegance-boutique.ch\/it-ch\/#website"},"datePublished":"2022-03-08T11:48:05+00:00","dateModified":"2025-10-14T13:37:27+00:00","description":"Scoprite le nostre apparecchiature di bellezza. Hydraface HF-9. Body Sculpt BS-2. Criolipolisi 360 CR-5. Shape Pro SX-5. Rimozione dei tatuaggi LDT-1. Diodo laser L3-1...","breadcrumb":{"@id":"https:\/\/www.elegance-boutique.ch\/it-ch\/le-nostre-apparecchiature-di-bellezza\/#breadcrumb"},"inLanguage":"it-CH","potentialAction":[{"@type":"ReadAction","target":["https:\/\/www.elegance-boutique.ch\/it-ch\/le-nostre-apparecchiature-di-bellezza\/"]}]},{"@type":"BreadcrumbList","@id":"https:\/\/www.elegance-boutique.ch\/it-ch\/le-nostre-apparecchiature-di-bellezza\/#breadcrumb","itemListElement":[{"@type":"ListItem","position":1,"name":"Accueil","item":"https:\/\/www.elegance-boutique.ch\/it-ch\/"},{"@type":"ListItem","position":2,"name":"Le nostre apparecchiature di bellezza"}]},{"@type":"WebSite","@id":"https:\/\/www.elegance-boutique.ch\/it-ch\/#website","url":"https:\/\/www.elegance-boutique.ch\/it-ch\/","name":"Elegance Boutique","description":"Appareils esth\u00e9tiques professionnels","publisher":{"@id":"https:\/\/www.elegance-boutique.ch\/it-ch\/#organization"},"potentialAction":[{"@type":"SearchAction","target":{"@type":"EntryPoint","urlTemplate":"https:\/\/www.elegance-boutique.ch\/it-ch\/?s={search_term_string}"},"query-input":{"@type":"PropertyValueSpecification","valueRequired":true,"valueName":"search_term_string"}}],"inLanguage":"it-CH"},{"@type":"Organization","@id":"https:\/\/www.elegance-boutique.ch\/it-ch\/#organization","name":"Elegance Boutique","url":"https:\/\/www.elegance-boutique.ch\/it-ch\/","logo":{"@type":"ImageObject","inLanguage":"it-CH","@id":"https:\/\/www.elegance-boutique.ch\/it-ch\/#\/schema\/logo\/image\/","url":"https:\/\/www.elegance-boutique.ch\/wp-content\/uploads\/2022\/03\/Logo-EB-v5-Horizontal.png","contentUrl":"https:\/\/www.elegance-boutique.ch\/wp-content\/uploads\/2022\/03\/Logo-EB-v5-Horizontal.png","width":1415,"height":283,"caption":"Elegance Boutique"},"image":{"@id":"https:\/\/www.elegance-boutique.ch\/it-ch\/#\/schema\/logo\/image\/"},"sameAs":["https:\/\/www.facebook.com\/EleganceBoutiqueSwiss","https:\/\/www.linkedin.com\/company\/elegance-boutique-esthetique-professionnelle\/"]}]}},"_links":{"self":[{"href":"https:\/\/www.elegance-boutique.ch\/it-ch\/wp-json\/wp\/v2\/pages\/3272","targetHints":{"allow":["GET"]}}],"collection":[{"href":"https:\/\/www.elegance-boutique.ch\/it-ch\/wp-json\/wp\/v2\/pages"}],"about":[{"href":"https:\/\/www.elegance-boutique.ch\/it-ch\/wp-json\/wp\/v2\/types\/page"}],"author":[{"embeddable":true,"href":"https:\/\/www.elegance-boutique.ch\/it-ch\/wp-json\/wp\/v2\/users\/1"}],"replies":[{"embeddable":true,"href":"https:\/\/www.elegance-boutique.ch\/it-ch\/wp-json\/wp\/v2\/comments?post=3272"}],"version-history":[{"count":19,"href":"https:\/\/www.elegance-boutique.ch\/it-ch\/wp-json\/wp\/v2\/pages\/3272\/revisions"}],"predecessor-version":[{"id":5901,"href":"https:\/\/www.elegance-boutique.ch\/it-ch\/wp-json\/wp\/v2\/pages\/3272\/revisions\/5901"}],"wp:attachment":[{"href":"https:\/\/www.elegance-boutique.ch\/it-ch\/wp-json\/wp\/v2\/media?parent=3272"}],"curies":[{"name":"wp","href":"https:\/\/api.w.org\/{rel}","templated":true}]}}