{"id":2761,"date":"2022-02-15T11:46:07","date_gmt":"2022-02-15T10:46:07","guid":{"rendered":"https:\/\/www.elegance-boutique.ch\/i-nostri-saloni-di-bellezza\/"},"modified":"2025-10-14T15:33:46","modified_gmt":"2025-10-14T13:33:46","slug":"i-nostri-saloni-di-bellezza","status":"publish","type":"page","link":"https:\/\/www.elegance-boutique.ch\/it\/i-nostri-saloni-di-bellezza\/","title":{"rendered":"I nostri centri estetici"},"content":{"rendered":"\n<div class=\"container\"><h1 class=\"title-page\">I nostri saloni di bellezza<\/h1><\/div>\n\n\n<section class=\"image-text\">\n    <div class=\"container\">\n        <div class=\"imageText--grid\">\n            <div class=\"imageText--left\">\n                                <img decoding=\"async\" src=\"https:\/\/www.elegance-boutique.ch\/wp-content\/uploads\/2023\/04\/elegance-boutique-banniere-location.jpg\" alt=\"Esth\u00e9ticienne en train d'utiliser sa machine \u00e0 \u00e9pilation laser sur une patiente. \">\n            <\/div>\n            <div class=\"imageText--right\">\n                <h2 class=\"title\">\n                    La nostra storia                <\/h2>\n                <p class=\"text\">\n                    Elegance Boutique nasce inizialmente come centro estetico con il nome di Elegance Studio.\r\n\r\nL&#8217;attivit\u00e0 nel centro estetico ci ha permesso di capire a fondo non solo le esigenze dei clienti, ma anche quelle del centro, delle estetiste, dei professionisti del settore e la complessit\u00e0 di accesso al mercato.\r\n\r\nUnendo passione e professionalit\u00e0, il centro si \u00e8 pian piano trasformato e specializzato e ha iniziato ad acquistare e poi rivendere i macchinari che utilizzava.\r\n\r\nEssendone il primo utilizzatore, Elegance Boutique non si limita quindi a vendere macchinari, ma consiglia, forma, installa il prodotto e offre un&#8217;assistenza post-vendita continua. Comprendendo i bisogni e le necessit\u00e0 di un centro, \u00e8 in grado di supportarvi nel miglior modo possibile.\r\n\r\n&nbsp;\r\n\r\nElegance Boutique \u00e8 presente sul mercato della vendita di apparecchiature estetiche da 2 anni.\r\n\r\nOffre apparecchiature di ultima generazione, efficaci, all&#8217;avanguardia e high-tech.                <\/p>\n            <\/div>\n        <\/div>\n    <\/div>\n<\/section>\n\n<section class=\"image-text reversed\">\n    <div class=\"container\">\n        <div class=\"imageText--grid\">\n            <div class=\"imageText--left\">\n                                <img decoding=\"async\" src=\"https:\/\/www.elegance-boutique.ch\/wp-content\/uploads\/2023\/04\/elegance-boutique-banniere-services.jpg\" alt=\"Une esth\u00e9ticienne qui est en train de discuter avec sa patiente.\">\n            <\/div>\n            <div class=\"imageText--right\">\n                <h2 class=\"title\">\n                    Perch\u00e9 Elegance Boutique?                <\/h2>\n                <p class=\"text\">\n                    Abbiamo iniziato aprendo un centro estetico. Poi abbiamo investito in apparecchiature professionali e, soprattutto, all&#8217;avanguardia, e abbiamo ampliato la nostra offerta di servizi estetici.\r\n\r\nOggi abbiamo 8 apparecchiature a catalogo ed un ampia gamma di servizi pre e post vendita, pensati ad hoc per supportare i nostri clienti nell&#8217;apertura e nello sviluppo della loro attivit\u00e0.\r\n\r\nProponiamo non solo apparecchiature di ultima generazione, ma trattamenti e prezzi concorrenziali.\r\n\r\n\u00c8 molto facile iniziare e Elegance Boutique \u00e8 lieta di presentarti le sue apparecchiature.\r\n\r\nIl nostro motto: prova prima di acquistare! Approfitta dell&#8217;esperienza del nostro personale per porgergli tutte le tue domande. Loro, li usano tutti i giorni!\r\n\r\n&#8220;L&#8217;unica verit\u00e0 \u00e8 la tua&#8221;, <em>Elegance Boutique.<\/em>                <\/p>\n            <\/div>\n        <\/div>\n    <\/div>\n<\/section>\n\n<section class=\"image-text\">\n    <div class=\"container\">\n        <div class=\"imageText--grid\">\n            <div class=\"imageText--left\">\n                                <img decoding=\"async\" src=\"https:\/\/www.elegance-boutique.ch\/wp-content\/uploads\/2023\/04\/formation-elegance-boutique.jpg\" alt=\"Esth\u00e9ticienne debout en train de poser pour une photographie.\">\n            <\/div>\n            <div class=\"imageText--right\">\n                <h2 class=\"title\">\n                    I nostri corsi                <\/h2>\n                <p class=\"text\">\n                    Le nostre apparecchiature sono facili da usare, ma necessitano di una prima dimostrazione e formazione per essere impiegate al meglio. Con Elegance Boutique non dovrai preoccuparti: per ogni apparecchiatura acquistata, la formazione \u00e8 inclusa.\r\n\r\nLe nostre estetiste, esperte nell&#8217;uso di ciascun dispositivo, ti mostreranno in dettaglio come utilizzarlo. Ti verranno inoltre illustrati tutti i benefici e i vantaggi di ogni tecnologia.                <\/p>\n            <\/div>\n        <\/div>\n    <\/div>\n<\/section>\n\n\n<div style=\"height:10px\" aria-hidden=\"true\" class=\"wp-block-spacer\"><\/div>\n\n\n<section class=\"map map-color\">\n    <div class=\"container\">\n        <div class=\"map--grid\">\n            <div class=\"map--left\">\n                \t\t\t\t<img decoding=\"async\" class=\"map--img\" src=\"\" alt=\"\" >\n            <\/div>\n            <div class=\"map--right\">\n                <h2 class=\"title\">\n                    Centro di Milano\n                <\/h2>\n                <p class=\"content\">\n                    Scopri il nostro showroom presso il nostro centro estetico a Crissier. Trova qui tutti i nostri prodotti e le nostre apparecchiature!                <\/p>\n                <div class=\"list\">\n                                                <div class=\"list--item\">\n                                <div class=\"list--header\">\n                                                                        <img decoding=\"async\" src=\"https:\/\/www.elegance-boutique.ch\/wp-content\/uploads\/2022\/02\/phone-icon.svg\" alt=\"\">\n                                <\/div>\n                                <div class=\"list--body\">\n                                    <p class=\"list--title\">\n                                        Telefono                                    <\/p>\n                                    <p class=\"list--content\">\n                                        <a href=\"tel:+393758632931\">+39 375 863 2931<\/a>                                    <\/p>\n                                <\/div>\n                            <\/div>\n                                                <div class=\"list--item\">\n                                <div class=\"list--header\">\n                                                                        <img decoding=\"async\" src=\"https:\/\/www.elegance-boutique.ch\/wp-content\/uploads\/2022\/02\/mail-icon.svg\" alt=\"\">\n                                <\/div>\n                                <div class=\"list--body\">\n                                    <p class=\"list--title\">\n                                        Email                                    <\/p>\n                                    <p class=\"list--content\">\n                                        <a href=\"mailto:info@elegance-boutique.ch\">info@elegance-boutique.ch<\/a>                                    <\/p>\n                                <\/div>\n                            <\/div>\n                                                <div class=\"list--item\">\n                                <div class=\"list--header\">\n                                                                        <img decoding=\"async\" src=\"https:\/\/www.elegance-boutique.ch\/wp-content\/uploads\/2022\/02\/map-icon.svg\" alt=\"\">\n                                <\/div>\n                                <div class=\"list--body\">\n                                    <p class=\"list--title\">\n                                        Indirizzo                                    <\/p>\n                                    <p class=\"list--content\">\n                                        Corso Ventidue Marzo 33, 20129, Milano, Italia                                    <\/p>\n                                <\/div>\n                            <\/div>\n                                    <\/div>\n            <\/div>\n        <\/div>\n            <\/div>\n<\/section>\n\n<section class=\"map map-color\">\n    <div class=\"container\">\n        <div class=\"map--grid\">\n            <div class=\"map--left\">\n                \t\t\t\t<img decoding=\"async\" class=\"map--img\" src=\"\" alt=\"\" >\n            <\/div>\n            <div class=\"map--right\">\n                <h2 class=\"title\">\n                    Centro di Marrakech &#8211; Showroom\n                <\/h2>\n                <p class=\"content\">\n                    Scopri il nostro centro estetico a Marrakech. Trovi qui tutti i nostri prodotti e le nostre apparecchiature!                <\/p>\n                <div class=\"list\">\n                                                <div class=\"list--item\">\n                                <div class=\"list--header\">\n                                                                        <img decoding=\"async\" src=\"https:\/\/www.elegance-boutique.ch\/wp-content\/uploads\/2022\/02\/phone-icon.svg\" alt=\"\">\n                                <\/div>\n                                <div class=\"list--body\">\n                                    <p class=\"list--title\">\n                                        Telefono                                    <\/p>\n                                    <p class=\"list--content\">\n                                        <a href=\"tel:+2120688-538581\">+212 0688-538581<\/a>                                    <\/p>\n                                <\/div>\n                            <\/div>\n                                                <div class=\"list--item\">\n                                <div class=\"list--header\">\n                                                                        <img decoding=\"async\" src=\"https:\/\/www.elegance-boutique.ch\/wp-content\/uploads\/2022\/02\/mail-icon.svg\" alt=\"\">\n                                <\/div>\n                                <div class=\"list--body\">\n                                    <p class=\"list--title\">\n                                        Email                                    <\/p>\n                                    <p class=\"list--content\">\n                                        <a href=\"mailto:info@elegance-boutique.ch\">info@elegance-boutique.ch<\/a>                                    <\/p>\n                                <\/div>\n                            <\/div>\n                                                <div class=\"list--item\">\n                                <div class=\"list--header\">\n                                                                        <img decoding=\"async\" src=\"https:\/\/www.elegance-boutique.ch\/wp-content\/uploads\/2022\/02\/map-icon.svg\" alt=\"\">\n                                <\/div>\n                                <div class=\"list--body\">\n                                    <p class=\"list--title\">\n                                        Indirizzo                                    <\/p>\n                                    <p class=\"list--content\">\n                                        Ufficio N\u00b08 situato al 23 Boulevard Allal El Fassi Lot Boukar Imm Josephine, Marrakech, Marocco                                    <\/p>\n                                <\/div>\n                            <\/div>\n                                    <\/div>\n            <\/div>\n        <\/div>\n            <\/div>\n<\/section>\n\n\n<p><\/p>\n","protected":false},"excerpt":{"rendered":"<p>I nostri saloni di bellezza<\/p>\n","protected":false},"author":1,"featured_media":0,"parent":0,"menu_order":0,"comment_status":"closed","ping_status":"closed","template":"","meta":{"inline_featured_image":false,"_joinchat":[],"footnotes":""},"class_list":["post-2761","page","type-page","status-publish","hentry"],"acf":[],"yoast_head":"<!-- This site is optimized with the Yoast SEO plugin v25.0 - https:\/\/yoast.com\/wordpress\/plugins\/seo\/ -->\n<title>I nostri centri estetici - Elegance Boutique<\/title>\n<meta name=\"description\" content=\"Scopri la nostra storia, i nostri corsi di formazione, i nostri saloni di bellezza a Renens e Montreux e il nostro showroom.\" \/>\n<meta name=\"robots\" content=\"index, follow, max-snippet:-1, max-image-preview:large, max-video-preview:-1\" \/>\n<link rel=\"canonical\" href=\"https:\/\/www.elegance-boutique.ch\/it\/i-nostri-saloni-di-bellezza\/\" \/>\n<meta property=\"og:locale\" content=\"it_IT\" \/>\n<meta property=\"og:type\" content=\"article\" \/>\n<meta property=\"og:title\" content=\"I nostri centri estetici - Elegance Boutique\" \/>\n<meta property=\"og:description\" content=\"Scopri la nostra storia, i nostri corsi di formazione, i nostri saloni di bellezza a Renens e Montreux e il nostro showroom.\" \/>\n<meta property=\"og:url\" content=\"https:\/\/www.elegance-boutique.ch\/it\/i-nostri-saloni-di-bellezza\/\" \/>\n<meta property=\"og:site_name\" content=\"Elegance Boutique\" \/>\n<meta property=\"article:publisher\" content=\"https:\/\/www.facebook.com\/EleganceBoutiqueSwiss\" \/>\n<meta property=\"article:modified_time\" content=\"2025-10-14T13:33:46+00:00\" \/>\n<meta property=\"og:image\" content=\"https:\/\/elegance-boutique.ch\/wp-content\/uploads\/2022\/02\/institut_beaute\u0301-1024x742.jpg\" \/>\n<meta name=\"twitter:card\" content=\"summary_large_image\" \/>\n<meta name=\"twitter:image\" content=\"https:\/\/elegance-boutique.ch\/wp-content\/uploads\/2022\/02\/institut_beaute\u0301-1024x742.jpg\" \/>\n<meta name=\"twitter:label1\" content=\"Tempo di lettura stimato\" \/>\n\t<meta name=\"twitter:data1\" content=\"1 minuto\" \/>\n<script type=\"application\/ld+json\" class=\"yoast-schema-graph\">{\"@context\":\"https:\/\/schema.org\",\"@graph\":[{\"@type\":\"WebPage\",\"@id\":\"https:\/\/www.elegance-boutique.ch\/it\/i-nostri-saloni-di-bellezza\/\",\"url\":\"https:\/\/www.elegance-boutique.ch\/it\/i-nostri-saloni-di-bellezza\/\",\"name\":\"I nostri centri estetici - Elegance Boutique\",\"isPartOf\":{\"@id\":\"https:\/\/www.elegance-boutique.ch\/it\/#website\"},\"datePublished\":\"2022-02-15T10:46:07+00:00\",\"dateModified\":\"2025-10-14T13:33:46+00:00\",\"description\":\"Scopri la nostra storia, i nostri corsi di formazione, i nostri saloni di bellezza a Renens e Montreux e il nostro showroom.\",\"breadcrumb\":{\"@id\":\"https:\/\/www.elegance-boutique.ch\/it\/i-nostri-saloni-di-bellezza\/#breadcrumb\"},\"inLanguage\":\"it-IT\",\"potentialAction\":[{\"@type\":\"ReadAction\",\"target\":[\"https:\/\/www.elegance-boutique.ch\/it\/i-nostri-saloni-di-bellezza\/\"]}]},{\"@type\":\"BreadcrumbList\",\"@id\":\"https:\/\/www.elegance-boutique.ch\/it\/i-nostri-saloni-di-bellezza\/#breadcrumb\",\"itemListElement\":[{\"@type\":\"ListItem\",\"position\":1,\"name\":\"Accueil\",\"item\":\"https:\/\/www.elegance-boutique.ch\/it\/\"},{\"@type\":\"ListItem\",\"position\":2,\"name\":\"I nostri centri estetici\"}]},{\"@type\":\"WebSite\",\"@id\":\"https:\/\/www.elegance-boutique.ch\/it\/#website\",\"url\":\"https:\/\/www.elegance-boutique.ch\/it\/\",\"name\":\"Elegance Boutique\",\"description\":\"Appareils esth\u00e9tiques professionnels\",\"publisher\":{\"@id\":\"https:\/\/www.elegance-boutique.ch\/it\/#organization\"},\"potentialAction\":[{\"@type\":\"SearchAction\",\"target\":{\"@type\":\"EntryPoint\",\"urlTemplate\":\"https:\/\/www.elegance-boutique.ch\/it\/?s={search_term_string}\"},\"query-input\":{\"@type\":\"PropertyValueSpecification\",\"valueRequired\":true,\"valueName\":\"search_term_string\"}}],\"inLanguage\":\"it-IT\"},{\"@type\":\"Organization\",\"@id\":\"https:\/\/www.elegance-boutique.ch\/it\/#organization\",\"name\":\"Elegance Boutique\",\"url\":\"https:\/\/www.elegance-boutique.ch\/it\/\",\"logo\":{\"@type\":\"ImageObject\",\"inLanguage\":\"it-IT\",\"@id\":\"https:\/\/www.elegance-boutique.ch\/it\/#\/schema\/logo\/image\/\",\"url\":\"https:\/\/www.elegance-boutique.ch\/wp-content\/uploads\/2022\/03\/Logo-EB-v5-Horizontal.png\",\"contentUrl\":\"https:\/\/www.elegance-boutique.ch\/wp-content\/uploads\/2022\/03\/Logo-EB-v5-Horizontal.png\",\"width\":1415,\"height\":283,\"caption\":\"Elegance Boutique\"},\"image\":{\"@id\":\"https:\/\/www.elegance-boutique.ch\/it\/#\/schema\/logo\/image\/\"},\"sameAs\":[\"https:\/\/www.facebook.com\/EleganceBoutiqueSwiss\",\"https:\/\/www.linkedin.com\/company\/elegance-boutique-esthetique-professionnelle\/\"]}]}<\/script>\n<!-- \/ Yoast SEO plugin. -->","yoast_head_json":{"title":"I nostri centri estetici - Elegance Boutique","description":"Scopri la nostra storia, i nostri corsi di formazione, i nostri saloni di bellezza a Renens e Montreux e il nostro showroom.","robots":{"index":"index","follow":"follow","max-snippet":"max-snippet:-1","max-image-preview":"max-image-preview:large","max-video-preview":"max-video-preview:-1"},"canonical":"https:\/\/www.elegance-boutique.ch\/it\/i-nostri-saloni-di-bellezza\/","og_locale":"it_IT","og_type":"article","og_title":"I nostri centri estetici - Elegance Boutique","og_description":"Scopri la nostra storia, i nostri corsi di formazione, i nostri saloni di bellezza a Renens e Montreux e il nostro showroom.","og_url":"https:\/\/www.elegance-boutique.ch\/it\/i-nostri-saloni-di-bellezza\/","og_site_name":"Elegance Boutique","article_publisher":"https:\/\/www.facebook.com\/EleganceBoutiqueSwiss","article_modified_time":"2025-10-14T13:33:46+00:00","og_image":[{"url":"https:\/\/elegance-boutique.ch\/wp-content\/uploads\/2022\/02\/institut_beaute\u0301-1024x742.jpg","type":"","width":"","height":""}],"twitter_card":"summary_large_image","twitter_image":"https:\/\/elegance-boutique.ch\/wp-content\/uploads\/2022\/02\/institut_beaute\u0301-1024x742.jpg","twitter_misc":{"Tempo di lettura stimato":"1 minuto"},"schema":{"@context":"https:\/\/schema.org","@graph":[{"@type":"WebPage","@id":"https:\/\/www.elegance-boutique.ch\/it\/i-nostri-saloni-di-bellezza\/","url":"https:\/\/www.elegance-boutique.ch\/it\/i-nostri-saloni-di-bellezza\/","name":"I nostri centri estetici - Elegance Boutique","isPartOf":{"@id":"https:\/\/www.elegance-boutique.ch\/it\/#website"},"datePublished":"2022-02-15T10:46:07+00:00","dateModified":"2025-10-14T13:33:46+00:00","description":"Scopri la nostra storia, i nostri corsi di formazione, i nostri saloni di bellezza a Renens e Montreux e il nostro showroom.","breadcrumb":{"@id":"https:\/\/www.elegance-boutique.ch\/it\/i-nostri-saloni-di-bellezza\/#breadcrumb"},"inLanguage":"it-IT","potentialAction":[{"@type":"ReadAction","target":["https:\/\/www.elegance-boutique.ch\/it\/i-nostri-saloni-di-bellezza\/"]}]},{"@type":"BreadcrumbList","@id":"https:\/\/www.elegance-boutique.ch\/it\/i-nostri-saloni-di-bellezza\/#breadcrumb","itemListElement":[{"@type":"ListItem","position":1,"name":"Accueil","item":"https:\/\/www.elegance-boutique.ch\/it\/"},{"@type":"ListItem","position":2,"name":"I nostri centri estetici"}]},{"@type":"WebSite","@id":"https:\/\/www.elegance-boutique.ch\/it\/#website","url":"https:\/\/www.elegance-boutique.ch\/it\/","name":"Elegance Boutique","description":"Appareils esth\u00e9tiques professionnels","publisher":{"@id":"https:\/\/www.elegance-boutique.ch\/it\/#organization"},"potentialAction":[{"@type":"SearchAction","target":{"@type":"EntryPoint","urlTemplate":"https:\/\/www.elegance-boutique.ch\/it\/?s={search_term_string}"},"query-input":{"@type":"PropertyValueSpecification","valueRequired":true,"valueName":"search_term_string"}}],"inLanguage":"it-IT"},{"@type":"Organization","@id":"https:\/\/www.elegance-boutique.ch\/it\/#organization","name":"Elegance Boutique","url":"https:\/\/www.elegance-boutique.ch\/it\/","logo":{"@type":"ImageObject","inLanguage":"it-IT","@id":"https:\/\/www.elegance-boutique.ch\/it\/#\/schema\/logo\/image\/","url":"https:\/\/www.elegance-boutique.ch\/wp-content\/uploads\/2022\/03\/Logo-EB-v5-Horizontal.png","contentUrl":"https:\/\/www.elegance-boutique.ch\/wp-content\/uploads\/2022\/03\/Logo-EB-v5-Horizontal.png","width":1415,"height":283,"caption":"Elegance Boutique"},"image":{"@id":"https:\/\/www.elegance-boutique.ch\/it\/#\/schema\/logo\/image\/"},"sameAs":["https:\/\/www.facebook.com\/EleganceBoutiqueSwiss","https:\/\/www.linkedin.com\/company\/elegance-boutique-esthetique-professionnelle\/"]}]}},"_links":{"self":[{"href":"https:\/\/www.elegance-boutique.ch\/it\/wp-json\/wp\/v2\/pages\/2761","targetHints":{"allow":["GET"]}}],"collection":[{"href":"https:\/\/www.elegance-boutique.ch\/it\/wp-json\/wp\/v2\/pages"}],"about":[{"href":"https:\/\/www.elegance-boutique.ch\/it\/wp-json\/wp\/v2\/types\/page"}],"author":[{"embeddable":true,"href":"https:\/\/www.elegance-boutique.ch\/it\/wp-json\/wp\/v2\/users\/1"}],"replies":[{"embeddable":true,"href":"https:\/\/www.elegance-boutique.ch\/it\/wp-json\/wp\/v2\/comments?post=2761"}],"version-history":[{"count":29,"href":"https:\/\/www.elegance-boutique.ch\/it\/wp-json\/wp\/v2\/pages\/2761\/revisions"}],"predecessor-version":[{"id":5891,"href":"https:\/\/www.elegance-boutique.ch\/it\/wp-json\/wp\/v2\/pages\/2761\/revisions\/5891"}],"wp:attachment":[{"href":"https:\/\/www.elegance-boutique.ch\/it\/wp-json\/wp\/v2\/media?parent=2761"}],"curies":[{"name":"wp","href":"https:\/\/api.w.org\/{rel}","templated":true}]}}