{"id":2948,"date":"2022-01-26T14:50:12","date_gmt":"2022-01-26T13:50:12","guid":{"rendered":"https:\/\/www.elegance-boutique.ch\/servizi\/"},"modified":"2025-10-14T15:32:59","modified_gmt":"2025-10-14T13:32:59","slug":"servizi","status":"publish","type":"page","link":"https:\/\/www.elegance-boutique.ch\/it\/servizi\/","title":{"rendered":"Servizi"},"content":{"rendered":"<section class=\"hero\">\n        <img decoding=\"async\" src=\"https:\/\/www.elegance-boutique.ch\/wp-content\/uploads\/2023\/04\/elegance-boutique-banniere-services.jpg\" alt=\"Une esth\u00e9ticienne qui est en train de discuter avec sa patiente.\">\n    <div class=\"container\">\n        <div class=\"hero--content\">\n            <h1 class=\"title\">I nostri servizi<\/h1>\n                            <!-- <button class=\"btn--solid btn--white w-arrow\"> -->\n                <a class=\"btn--solid btn--white w-arrow\" href=\"https:\/\/www.elegance-boutique.ch\/it\/le-nostre-apparecchiature-professionali\/\" target=\"\">\n                    Prodotti                <\/a>\n                <!-- <\/button> -->\n                    <\/div>\n    <\/div>\n<\/section>\n\n<section class=\"services\">\n    <div class=\"container\">\n        <div class=\"services--grid\">\n            <div class=\"services--left\">\n                                <img decoding=\"async\" src=\"https:\/\/www.elegance-boutique.ch\/wp-content\/uploads\/2023\/03\/elegance-boutique-banniere-homepage.jpg\" alt=\"Esth\u00e9ticienne en train d'utiliser une machine \u00e0 \u00e9pilation laser\">\n            <\/div>\n            <div class=\"services--right\">\n                <h2 class=\"title\">\n                    Servizio completo                <\/h2>\n                <div class=\"list\">\n                                                <div class=\"list--item\">\n                                <div class=\"list--header\">\n                                                                        <img decoding=\"async\" src=\"https:\/\/www.elegance-boutique.ch\/wp-content\/uploads\/2022\/02\/simplicite.png\" alt=\"\">\n                                <\/div>\n                                <div class=\"list--body\">\n                                    <h3 class=\"list--title\">\n                                        Semplicit\u00e0                                    <\/h3>\n                                    <p class=\"list--content\">\n                                        Ti offriamo la possibilit\u00e0 di scoprire e testare i nostri prodotti prima di acquistarli. Scopri tutte le tecniche di utilizzo con il nostro team specializzato.                                    <\/p>\n                                <\/div>\n                            <\/div>\n                                                <div class=\"list--item\">\n                                <div class=\"list--header\">\n                                                                        <img decoding=\"async\" src=\"https:\/\/www.elegance-boutique.ch\/wp-content\/uploads\/2022\/02\/certifications.png\" alt=\"\">\n                                <\/div>\n                                <div class=\"list--body\">\n                                    <h3 class=\"list--title\">\n                                        Certificazioni                                    <\/h3>\n                                    <p class=\"list--content\">\n                                        Tutti i nostri prodotti sono certificati per garantire la soddisfazione dei tuoi clienti in totale sicurezza.                                    <\/p>\n                                <\/div>\n                            <\/div>\n                                                <div class=\"list--item\">\n                                <div class=\"list--header\">\n                                                                        <img decoding=\"async\" src=\"https:\/\/www.elegance-boutique.ch\/wp-content\/uploads\/2022\/02\/offres.png\" alt=\"\">\n                                <\/div>\n                                <div class=\"list--body\">\n                                    <h3 class=\"list--title\">\n                                        Offerte                                    <\/h3>\n                                    <p class=\"list--content\">\n                                        Offriamo la consegna e l&#8217;installazione gratuita dell&#8217;apparecchiatura. La garanzia di fabbrica e il nostro servizio clienti vi consentono di investire con fiducia nella vostra attivit\u00e0.                                    <\/p>\n                                <\/div>\n                            <\/div>\n                                    <\/div>\n            <\/div>\n        <\/div>\n    <\/div>\n<\/section>\n\n<div class=\"icones--services\">\n  <div class=\"icones--grid container\">\n            <div class=\"items-icones\">\n                    <img decoding=\"async\" src=\"https:\/\/www.elegance-boutique.ch\/wp-content\/uploads\/2022\/02\/formation.svg\" alt=\"\">\n                    <h2>Formazione inclusa<\/h2>\n        <\/div>\n            <div class=\"items-icones\">\n                    <img decoding=\"async\" src=\"https:\/\/www.elegance-boutique.ch\/wp-content\/uploads\/2022\/02\/livraison.svg\" alt=\"\">\n                    <h2>Consegna gratuita<\/h2>\n        <\/div>\n            <div class=\"items-icones\">\n                    <img decoding=\"async\" src=\"https:\/\/www.elegance-boutique.ch\/wp-content\/uploads\/2022\/02\/installation.svg\" alt=\"\">\n                    <h2>Installazione gratuita<\/h2>\n        <\/div>\n            <div class=\"items-icones\">\n                    <img decoding=\"async\" src=\"https:\/\/www.elegance-boutique.ch\/wp-content\/uploads\/2022\/02\/service-vente.svg\" alt=\"\">\n                    <h2>Servizio post vendita<\/h2>\n        <\/div>\n            <div class=\"items-icones\">\n                    <img decoding=\"async\" src=\"https:\/\/www.elegance-boutique.ch\/wp-content\/uploads\/2022\/02\/garantie.svg\" alt=\"\">\n                    <h2>2 anni di garanzia di fabbrica<\/h2>\n        <\/div>\n      <\/div>\n<\/div>\n\n<section class=\"map\">\n    <div class=\"container\">\n        <div class=\"map--grid\">\n            <div class=\"map--left\">\n                \t\t\t\t<img decoding=\"async\" class=\"map--img\" src=\"\" alt=\"\" >\n            <\/div>\n            <div class=\"map--right\">\n                <h2 class=\"title\">\n                    Centro di Milano\n                <\/h2>\n                <p class=\"content\">\n                    Trova qui tutti i nostri prodotti e le nostre apparecchiature!                <\/p>\n                <div class=\"list\">\n                                                <div class=\"list--item\">\n                                <div class=\"list--header\">\n                                                                        <img decoding=\"async\" src=\"https:\/\/www.elegance-boutique.ch\/wp-content\/uploads\/2022\/02\/phone-icon.svg\" alt=\"\">\n                                <\/div>\n                                <div class=\"list--body\">\n                                    <p class=\"list--title\">\n                                        Telefono                                    <\/p>\n                                    <p class=\"list--content\">\n                                        <a href=\"tel:+393758632931\">+39 375 863 2931<\/a>                                    <\/p>\n                                <\/div>\n                            <\/div>\n                                                <div class=\"list--item\">\n                                <div class=\"list--header\">\n                                                                        <img decoding=\"async\" src=\"https:\/\/www.elegance-boutique.ch\/wp-content\/uploads\/2022\/02\/mail-icon.svg\" alt=\"\">\n                                <\/div>\n                                <div class=\"list--body\">\n                                    <p class=\"list--title\">\n                                        Email                                    <\/p>\n                                    <p class=\"list--content\">\n                                        <a href=\"mailto:info@elegance-boutique.ch\">info@elegance-boutique.ch<\/a>                                    <\/p>\n                                <\/div>\n                            <\/div>\n                                                <div class=\"list--item\">\n                                <div class=\"list--header\">\n                                                                        <img decoding=\"async\" src=\"https:\/\/www.elegance-boutique.ch\/wp-content\/uploads\/2022\/02\/map-icon.svg\" alt=\"\">\n                                <\/div>\n                                <div class=\"list--body\">\n                                    <p class=\"list--title\">\n                                        Indirizzo                                    <\/p>\n                                    <p class=\"list--content\">\n                                        Corso Ventidue Marzo 33, 20129, Milano, Italia                                    <\/p>\n                                <\/div>\n                            <\/div>\n                                    <\/div>\n            <\/div>\n        <\/div>\n            <\/div>\n<\/section>","protected":false},"excerpt":{"rendered":"","protected":false},"author":1,"featured_media":0,"parent":0,"menu_order":0,"comment_status":"closed","ping_status":"closed","template":"","meta":{"inline_featured_image":false,"_joinchat":[],"footnotes":""},"class_list":["post-2948","page","type-page","status-publish","hentry"],"acf":[],"yoast_head":"<!-- This site is optimized with the Yoast SEO plugin v25.0 - https:\/\/yoast.com\/wordpress\/plugins\/seo\/ -->\n<title>Servizi - Elegance Boutique<\/title>\n<meta name=\"description\" content=\"Elegance Boutique offre numerosi servizi per semplificare l&#039;utilizzo delle apparecchiature. Clicca per saperne di pi\u00f9!\" \/>\n<meta name=\"robots\" content=\"index, follow, max-snippet:-1, max-image-preview:large, max-video-preview:-1\" \/>\n<link rel=\"canonical\" href=\"https:\/\/www.elegance-boutique.ch\/it\/servizi\/\" \/>\n<meta property=\"og:locale\" content=\"it_IT\" \/>\n<meta property=\"og:type\" content=\"article\" \/>\n<meta property=\"og:title\" content=\"Servizi - Elegance Boutique\" \/>\n<meta property=\"og:description\" content=\"Elegance Boutique offre numerosi servizi per semplificare l&#039;utilizzo delle apparecchiature. Clicca per saperne di pi\u00f9!\" \/>\n<meta property=\"og:url\" content=\"https:\/\/www.elegance-boutique.ch\/it\/servizi\/\" \/>\n<meta property=\"og:site_name\" content=\"Elegance Boutique\" \/>\n<meta property=\"article:publisher\" content=\"https:\/\/www.facebook.com\/EleganceBoutiqueSwiss\" \/>\n<meta property=\"article:modified_time\" content=\"2025-10-14T13:32:59+00:00\" \/>\n<meta property=\"og:image\" content=\"https:\/\/elegance-boutique.ch\/wp-content\/uploads\/2022\/02\/Formations_academy-1024x615.jpg\" \/>\n<meta name=\"twitter:card\" content=\"summary_large_image\" \/>\n<meta name=\"twitter:image\" content=\"https:\/\/elegance-boutique.ch\/wp-content\/uploads\/2022\/02\/Formations_academy-1024x615.jpg\" \/>\n<script type=\"application\/ld+json\" class=\"yoast-schema-graph\">{\"@context\":\"https:\/\/schema.org\",\"@graph\":[{\"@type\":\"WebPage\",\"@id\":\"https:\/\/www.elegance-boutique.ch\/it\/servizi\/\",\"url\":\"https:\/\/www.elegance-boutique.ch\/it\/servizi\/\",\"name\":\"Servizi - Elegance Boutique\",\"isPartOf\":{\"@id\":\"https:\/\/www.elegance-boutique.ch\/it\/#website\"},\"datePublished\":\"2022-01-26T13:50:12+00:00\",\"dateModified\":\"2025-10-14T13:32:59+00:00\",\"description\":\"Elegance Boutique offre numerosi servizi per semplificare l'utilizzo delle apparecchiature. Clicca per saperne di pi\u00f9!\",\"breadcrumb\":{\"@id\":\"https:\/\/www.elegance-boutique.ch\/it\/servizi\/#breadcrumb\"},\"inLanguage\":\"it-IT\",\"potentialAction\":[{\"@type\":\"ReadAction\",\"target\":[\"https:\/\/www.elegance-boutique.ch\/it\/servizi\/\"]}]},{\"@type\":\"BreadcrumbList\",\"@id\":\"https:\/\/www.elegance-boutique.ch\/it\/servizi\/#breadcrumb\",\"itemListElement\":[{\"@type\":\"ListItem\",\"position\":1,\"name\":\"Accueil\",\"item\":\"https:\/\/www.elegance-boutique.ch\/it\/\"},{\"@type\":\"ListItem\",\"position\":2,\"name\":\"Servizi\"}]},{\"@type\":\"WebSite\",\"@id\":\"https:\/\/www.elegance-boutique.ch\/it\/#website\",\"url\":\"https:\/\/www.elegance-boutique.ch\/it\/\",\"name\":\"Elegance Boutique\",\"description\":\"Appareils esth\u00e9tiques professionnels\",\"publisher\":{\"@id\":\"https:\/\/www.elegance-boutique.ch\/it\/#organization\"},\"potentialAction\":[{\"@type\":\"SearchAction\",\"target\":{\"@type\":\"EntryPoint\",\"urlTemplate\":\"https:\/\/www.elegance-boutique.ch\/it\/?s={search_term_string}\"},\"query-input\":{\"@type\":\"PropertyValueSpecification\",\"valueRequired\":true,\"valueName\":\"search_term_string\"}}],\"inLanguage\":\"it-IT\"},{\"@type\":\"Organization\",\"@id\":\"https:\/\/www.elegance-boutique.ch\/it\/#organization\",\"name\":\"Elegance Boutique\",\"url\":\"https:\/\/www.elegance-boutique.ch\/it\/\",\"logo\":{\"@type\":\"ImageObject\",\"inLanguage\":\"it-IT\",\"@id\":\"https:\/\/www.elegance-boutique.ch\/it\/#\/schema\/logo\/image\/\",\"url\":\"https:\/\/www.elegance-boutique.ch\/wp-content\/uploads\/2022\/03\/Logo-EB-v5-Horizontal.png\",\"contentUrl\":\"https:\/\/www.elegance-boutique.ch\/wp-content\/uploads\/2022\/03\/Logo-EB-v5-Horizontal.png\",\"width\":1415,\"height\":283,\"caption\":\"Elegance Boutique\"},\"image\":{\"@id\":\"https:\/\/www.elegance-boutique.ch\/it\/#\/schema\/logo\/image\/\"},\"sameAs\":[\"https:\/\/www.facebook.com\/EleganceBoutiqueSwiss\",\"https:\/\/www.linkedin.com\/company\/elegance-boutique-esthetique-professionnelle\/\"]}]}<\/script>\n<!-- \/ Yoast SEO plugin. -->","yoast_head_json":{"title":"Servizi - Elegance Boutique","description":"Elegance Boutique offre numerosi servizi per semplificare l'utilizzo delle apparecchiature. Clicca per saperne di pi\u00f9!","robots":{"index":"index","follow":"follow","max-snippet":"max-snippet:-1","max-image-preview":"max-image-preview:large","max-video-preview":"max-video-preview:-1"},"canonical":"https:\/\/www.elegance-boutique.ch\/it\/servizi\/","og_locale":"it_IT","og_type":"article","og_title":"Servizi - Elegance Boutique","og_description":"Elegance Boutique offre numerosi servizi per semplificare l'utilizzo delle apparecchiature. Clicca per saperne di pi\u00f9!","og_url":"https:\/\/www.elegance-boutique.ch\/it\/servizi\/","og_site_name":"Elegance Boutique","article_publisher":"https:\/\/www.facebook.com\/EleganceBoutiqueSwiss","article_modified_time":"2025-10-14T13:32:59+00:00","og_image":[{"url":"https:\/\/elegance-boutique.ch\/wp-content\/uploads\/2022\/02\/Formations_academy-1024x615.jpg","type":"","width":"","height":""}],"twitter_card":"summary_large_image","twitter_image":"https:\/\/elegance-boutique.ch\/wp-content\/uploads\/2022\/02\/Formations_academy-1024x615.jpg","schema":{"@context":"https:\/\/schema.org","@graph":[{"@type":"WebPage","@id":"https:\/\/www.elegance-boutique.ch\/it\/servizi\/","url":"https:\/\/www.elegance-boutique.ch\/it\/servizi\/","name":"Servizi - Elegance Boutique","isPartOf":{"@id":"https:\/\/www.elegance-boutique.ch\/it\/#website"},"datePublished":"2022-01-26T13:50:12+00:00","dateModified":"2025-10-14T13:32:59+00:00","description":"Elegance Boutique offre numerosi servizi per semplificare l'utilizzo delle apparecchiature. Clicca per saperne di pi\u00f9!","breadcrumb":{"@id":"https:\/\/www.elegance-boutique.ch\/it\/servizi\/#breadcrumb"},"inLanguage":"it-IT","potentialAction":[{"@type":"ReadAction","target":["https:\/\/www.elegance-boutique.ch\/it\/servizi\/"]}]},{"@type":"BreadcrumbList","@id":"https:\/\/www.elegance-boutique.ch\/it\/servizi\/#breadcrumb","itemListElement":[{"@type":"ListItem","position":1,"name":"Accueil","item":"https:\/\/www.elegance-boutique.ch\/it\/"},{"@type":"ListItem","position":2,"name":"Servizi"}]},{"@type":"WebSite","@id":"https:\/\/www.elegance-boutique.ch\/it\/#website","url":"https:\/\/www.elegance-boutique.ch\/it\/","name":"Elegance Boutique","description":"Appareils esth\u00e9tiques professionnels","publisher":{"@id":"https:\/\/www.elegance-boutique.ch\/it\/#organization"},"potentialAction":[{"@type":"SearchAction","target":{"@type":"EntryPoint","urlTemplate":"https:\/\/www.elegance-boutique.ch\/it\/?s={search_term_string}"},"query-input":{"@type":"PropertyValueSpecification","valueRequired":true,"valueName":"search_term_string"}}],"inLanguage":"it-IT"},{"@type":"Organization","@id":"https:\/\/www.elegance-boutique.ch\/it\/#organization","name":"Elegance Boutique","url":"https:\/\/www.elegance-boutique.ch\/it\/","logo":{"@type":"ImageObject","inLanguage":"it-IT","@id":"https:\/\/www.elegance-boutique.ch\/it\/#\/schema\/logo\/image\/","url":"https:\/\/www.elegance-boutique.ch\/wp-content\/uploads\/2022\/03\/Logo-EB-v5-Horizontal.png","contentUrl":"https:\/\/www.elegance-boutique.ch\/wp-content\/uploads\/2022\/03\/Logo-EB-v5-Horizontal.png","width":1415,"height":283,"caption":"Elegance Boutique"},"image":{"@id":"https:\/\/www.elegance-boutique.ch\/it\/#\/schema\/logo\/image\/"},"sameAs":["https:\/\/www.facebook.com\/EleganceBoutiqueSwiss","https:\/\/www.linkedin.com\/company\/elegance-boutique-esthetique-professionnelle\/"]}]}},"_links":{"self":[{"href":"https:\/\/www.elegance-boutique.ch\/it\/wp-json\/wp\/v2\/pages\/2948","targetHints":{"allow":["GET"]}}],"collection":[{"href":"https:\/\/www.elegance-boutique.ch\/it\/wp-json\/wp\/v2\/pages"}],"about":[{"href":"https:\/\/www.elegance-boutique.ch\/it\/wp-json\/wp\/v2\/types\/page"}],"author":[{"embeddable":true,"href":"https:\/\/www.elegance-boutique.ch\/it\/wp-json\/wp\/v2\/users\/1"}],"replies":[{"embeddable":true,"href":"https:\/\/www.elegance-boutique.ch\/it\/wp-json\/wp\/v2\/comments?post=2948"}],"version-history":[{"count":34,"href":"https:\/\/www.elegance-boutique.ch\/it\/wp-json\/wp\/v2\/pages\/2948\/revisions"}],"predecessor-version":[{"id":5889,"href":"https:\/\/www.elegance-boutique.ch\/it\/wp-json\/wp\/v2\/pages\/2948\/revisions\/5889"}],"wp:attachment":[{"href":"https:\/\/www.elegance-boutique.ch\/it\/wp-json\/wp\/v2\/media?parent=2948"}],"curies":[{"name":"wp","href":"https:\/\/api.w.org\/{rel}","templated":true}]}}